{"id":29387,"date":"2022-01-11T06:53:38","date_gmt":"2022-01-11T06:53:38","guid":{"rendered":"http:\/\/ntbtreal.123websitedev.com\/?page_id=29387"},"modified":"2022-01-20T16:49:47","modified_gmt":"2022-01-20T09:49:47","slug":"gioi-thieu","status":"publish","type":"page","link":"https:\/\/ntbtreal.com\/en\/gioi-thieu\/","title":{"rendered":"Introduce"},"content":{"rendered":"<div data-elementor-type=\"wp-page\" data-elementor-id=\"29387\" class=\"elementor elementor-29387\">\n\t\t\t\t\t\t<section class=\"elementor-section elementor-top-section elementor-element elementor-element-24e052d elementor-section-boxed elementor-section-height-default elementor-section-height-default\" data-id=\"24e052d\" data-element_type=\"section\">\n\t\t\t\t\t\t<div class=\"elementor-container elementor-column-gap-default\">\n\t\t\t\t\t<div class=\"elementor-column elementor-col-100 elementor-top-column elementor-element elementor-element-def7520\" data-id=\"def7520\" data-element_type=\"column\">\n\t\t\t<div class=\"elementor-widget-wrap elementor-element-populated\">\n\t\t\t\t\t\t<div class=\"elementor-element elementor-element-174fefd elementor-widget elementor-widget-heading\" data-id=\"174fefd\" data-element_type=\"widget\" data-widget_type=\"heading.default\">\n\t\t\t\t<div class=\"elementor-widget-container\">\n\t\t\t<style>\/*! elementor - v3.22.0 - 24-06-2024 *\/\n.elementor-heading-title{padding:0;margin:0;line-height:1}.elementor-widget-heading .elementor-heading-title[class*=elementor-size-]>a{color:inherit;font-size:inherit;line-height:inherit}.elementor-widget-heading .elementor-heading-title.elementor-size-small{font-size:15px}.elementor-widget-heading .elementor-heading-title.elementor-size-medium{font-size:19px}.elementor-widget-heading .elementor-heading-title.elementor-size-large{font-size:29px}.elementor-widget-heading .elementor-heading-title.elementor-size-xl{font-size:39px}.elementor-widget-heading .elementor-heading-title.elementor-size-xxl{font-size:59px}<\/style><h2 class=\"elementor-heading-title elementor-size-default\">ABOUT NTBT . REAL ESTATE CO., LTD<\/h2>\t\t<\/div>\n\t\t\t\t<\/div>\n\t\t\t\t<div class=\"elementor-element elementor-element-d103215 elementor-widget elementor-widget-text-editor\" data-id=\"d103215\" data-element_type=\"widget\" data-widget_type=\"text-editor.default\">\n\t\t\t\t<div class=\"elementor-widget-container\">\n\t\t\t<style>\/*! elementor - v3.22.0 - 24-06-2024 *\/\n.elementor-widget-text-editor.elementor-drop-cap-view-stacked .elementor-drop-cap{background-color:#69727d;color:#fff}.elementor-widget-text-editor.elementor-drop-cap-view-framed .elementor-drop-cap{color:#69727d;border:3px solid;background-color:transparent}.elementor-widget-text-editor:not(.elementor-drop-cap-view-default) .elementor-drop-cap{margin-top:8px}.elementor-widget-text-editor:not(.elementor-drop-cap-view-default) .elementor-drop-cap-letter{width:1em;height:1em}.elementor-widget-text-editor .elementor-drop-cap{float:left;text-align:center;line-height:1;font-size:50px}.elementor-widget-text-editor .elementor-drop-cap-letter{display:inline-block}<\/style>\t\t\t\t<p>First of all, NTBT Real Estate Co., Ltd would like to send greetings, wishes for health and success to our customers, partners and all members of the company.<\/p><p><strong>Founding and development:<\/strong><\/p><p>NTBT Real Estate Co., Ltd was established in 2016 by domestic and foreign real estate experts. Having successfully started with consulting and brokerage services, NTBT has now grown and expanded into the field of investment and management of large real estate projects. For many years of operation, NTBT has brought customers the best products and services on the real estate market in Vietnam.<\/p><p>Currently, NTBT has 1 head office and 1 branch in District 7, in the near future, it will open more branches in District 2 and 9 and in the future will expand its operation scale throughout the country, contributing to bring a happy and prosperous life to the community.<\/p><p><strong>Long term vision:<\/strong><\/p><p>With leadership aspirations and sustainable development strategy, NTBT strives to become a real estate trading, investment and service provider company in the Top 10 of Vietnam and bringing products of real value to customers. With customers, the desire to bring the dream of settling down to customers in a new look and stature.<\/p><p><strong>Mission:<\/strong><\/p><p><em>For customers<\/em>: Provide comprehensive and reasonable real estate solutions and services to help customers save time and costs and contribute to creating a superior life for customers.<\/p><p><em>For employees<\/em>: Build a modern, proactive working environment, encourage initiatives and create all conditions both materially and spiritually so that employees can develop their full potential.<\/p><p><em>For society<\/em>: Harmonizing business interests with the interests of society, actively contributing to community-oriented activities, demonstrating the spirit of civic responsibility towards society.<\/p><p><strong>Core values:<\/strong><\/p><p>Trust: Committed to respecting ethical standards, keeping credibility, building trust in relationships, dealing with customers and partners on the basis of harmonizing the interests of the parties. NTBT upholds the slogan &quot;Speak the truth - Do the truth&quot;, so NTBT has received a lot of support and trust from domestic and foreign partners and customers.<\/p><p>Tam: Entering the fiercely competitive real estate market, NTBT always holds the word TAM as the root of its business. We strictly abide by the law, maintain professional ethics and social ethics in all situations.<\/p><p>Human: We build relationships with the spirit of \u201cGive first, receive later\u201d; respect employees as the most valuable asset; Building &quot;Human Peace&quot; on the basis of fairness, integrity and upholding the strength of solidarity.<\/p><p><strong>Business philosophy:<\/strong><\/p><p>With the concept of &quot;Nothing Better Than&quot;, NTBT aims at the business philosophy of people who must bring value to customers through products and services, and contribute to the community, society and the economy.<\/p>\t\t\t\t\t\t<\/div>\n\t\t\t\t<\/div>\n\t\t\t\t\t<\/div>\n\t\t<\/div>\n\t\t\t\t\t<\/div>\n\t\t<\/section>\n\t\t\t\t<\/div>","protected":false},"excerpt":{"rendered":"<p>GI\u1edaI THI\u1ec6U V\u1ec0 C\u00d4NG TY TNHH B\u1ea4T \u0110\u1ed8NG S\u1ea2N NTBT L\u1eddi \u0111\u1ea7u ti\u00ean, C\u00f4ng ty TNHH B\u1ea5t \u0111\u1ed9ng s\u1ea3n NTBT xin g\u1edfi l\u1eddi ch\u00e0o, l\u1eddi ch\u00fac s\u1ee9c kh\u1ecfe v\u00e0 th\u00e0nh c\u00f4ng \u0111\u1ebfn Qu\u00fd kh\u00e1ch h\u00e0ng, Qu\u00fd \u0111\u1ed1i t\u00e1c v\u00e0 to\u00e0n th\u1ec3 c\u00e1c th\u00e0nh vi\u00ean c\u1ee7a c\u00f4ng ty. S\u1ef1 th\u00e0nh l\u1eadp v\u00e0 ph\u00e1t tri\u1ec3n: C\u00f4ng ty TNHH B\u1ea5t \u0110\u1ed9ng S\u1ea3n NTBT \u0111\u01b0\u1ee3c th\u00e0nh l\u1eadp v\u00e0o &#8230;<\/p>","protected":false},"author":1,"featured_media":0,"parent":0,"menu_order":0,"comment_status":"closed","ping_status":"closed","template":"","meta":[],"acf":[],"yoast_head":"<!-- This site is optimized with the Yoast SEO Premium plugin v17.0 (Yoast SEO v17.0) - https:\/\/yoast.com\/wordpress\/plugins\/seo\/ -->\n<title>Gi\u1edbi thi\u1ec7u - NTBT REAL<\/title>\n<meta name=\"robots\" content=\"index, follow, max-snippet:-1, max-image-preview:large, max-video-preview:-1\" \/>\n<link rel=\"canonical\" href=\"https:\/\/ntbtreal.com\/en\/gioi-thieu\/\" \/>\n<meta property=\"og:locale\" content=\"en_US\" \/>\n<meta property=\"og:type\" content=\"article\" \/>\n<meta property=\"og:title\" content=\"Gi\u1edbi thi\u1ec7u\" \/>\n<meta property=\"og:description\" content=\"GI\u1edaI THI\u1ec6U V\u1ec0 C\u00d4NG TY TNHH B\u1ea4T \u0110\u1ed8NG S\u1ea2N NTBT L\u1eddi \u0111\u1ea7u ti\u00ean, C\u00f4ng ty TNHH B\u1ea5t \u0111\u1ed9ng s\u1ea3n NTBT xin g\u1edfi l\u1eddi ch\u00e0o, l\u1eddi ch\u00fac s\u1ee9c kh\u1ecfe v\u00e0 th\u00e0nh c\u00f4ng \u0111\u1ebfn Qu\u00fd kh\u00e1ch h\u00e0ng, Qu\u00fd \u0111\u1ed1i t\u00e1c v\u00e0 to\u00e0n th\u1ec3 c\u00e1c th\u00e0nh vi\u00ean c\u1ee7a c\u00f4ng ty. S\u1ef1 th\u00e0nh l\u1eadp v\u00e0 ph\u00e1t tri\u1ec3n: C\u00f4ng ty TNHH B\u1ea5t \u0110\u1ed9ng S\u1ea3n NTBT \u0111\u01b0\u1ee3c th\u00e0nh l\u1eadp v\u00e0o ...\" \/>\n<meta property=\"og:url\" content=\"https:\/\/ntbtreal.com\/en\/gioi-thieu\/\" \/>\n<meta property=\"og:site_name\" content=\"NTBT REAL\" \/>\n<meta property=\"article:publisher\" content=\"https:\/\/www.facebook.com\/NTBTRealEstate\/\" \/>\n<meta property=\"article:modified_time\" content=\"2022-01-20T09:49:47+00:00\" \/>\n<meta name=\"twitter:card\" content=\"summary_large_image\" \/>\n<meta name=\"twitter:label1\" content=\"Est. reading time\" \/>\n\t<meta name=\"twitter:data1\" content=\"5 minutes\" \/>\n<script type=\"application\/ld+json\" class=\"yoast-schema-graph\">{\"@context\":\"https:\/\/schema.org\",\"@graph\":[{\"@type\":\"Organization\",\"@id\":\"https:\/\/ntbtreal.com\/#organization\",\"name\":\"NTBT REAL ESTATE\",\"url\":\"https:\/\/ntbtreal.com\/\",\"sameAs\":[\"https:\/\/www.facebook.com\/NTBTRealEstate\/\"],\"logo\":{\"@type\":\"ImageObject\",\"@id\":\"https:\/\/ntbtreal.com\/#logo\",\"inLanguage\":\"en-US\",\"url\":\"https:\/\/ntbtreal.com\/wp-content\/uploads\/2022\/08\/z3655582374904_3a9fa18004a815dc191e0fd6c766c5e5-1.jpg\",\"contentUrl\":\"https:\/\/ntbtreal.com\/wp-content\/uploads\/2022\/08\/z3655582374904_3a9fa18004a815dc191e0fd6c766c5e5-1.jpg\",\"width\":412,\"height\":220,\"caption\":\"NTBT REAL ESTATE\"},\"image\":{\"@id\":\"https:\/\/ntbtreal.com\/#logo\"}},{\"@type\":\"WebSite\",\"@id\":\"https:\/\/ntbtreal.com\/#website\",\"url\":\"https:\/\/ntbtreal.com\/\",\"name\":\"NTBT REAL\",\"description\":\"\",\"publisher\":{\"@id\":\"https:\/\/ntbtreal.com\/#organization\"},\"potentialAction\":[{\"@type\":\"SearchAction\",\"target\":{\"@type\":\"EntryPoint\",\"urlTemplate\":\"https:\/\/ntbtreal.com\/?s={search_term_string}\"},\"query-input\":\"required name=search_term_string\"}],\"inLanguage\":\"en-US\"},{\"@type\":\"WebPage\",\"@id\":\"https:\/\/ntbtreal.com\/gioi-thieu\/#webpage\",\"url\":\"https:\/\/ntbtreal.com\/gioi-thieu\/\",\"name\":\"Gi\\u1edbi thi\\u1ec7u - NTBT REAL\",\"isPartOf\":{\"@id\":\"https:\/\/ntbtreal.com\/#website\"},\"datePublished\":\"2022-01-11T06:53:38+00:00\",\"dateModified\":\"2022-01-20T09:49:47+00:00\",\"breadcrumb\":{\"@id\":\"https:\/\/ntbtreal.com\/gioi-thieu\/#breadcrumb\"},\"inLanguage\":\"en-US\",\"potentialAction\":[{\"@type\":\"ReadAction\",\"target\":[\"https:\/\/ntbtreal.com\/gioi-thieu\/\"]}]},{\"@type\":\"BreadcrumbList\",\"@id\":\"https:\/\/ntbtreal.com\/gioi-thieu\/#breadcrumb\",\"itemListElement\":[{\"@type\":\"ListItem\",\"position\":1,\"name\":\"Home\",\"item\":\"https:\/\/ntbtreal.com\/\"},{\"@type\":\"ListItem\",\"position\":2,\"name\":\"Gi\\u1edbi thi\\u1ec7u\"}]}]}<\/script>\n<!-- \/ Yoast SEO Premium plugin. -->","yoast_head_json":{"title":"Gi\u1edbi thi\u1ec7u - NTBT REAL","robots":{"index":"index","follow":"follow","max-snippet":"max-snippet:-1","max-image-preview":"max-image-preview:large","max-video-preview":"max-video-preview:-1"},"canonical":"https:\/\/ntbtreal.com\/en\/gioi-thieu\/","og_locale":"en_US","og_type":"article","og_title":"Gi\u1edbi thi\u1ec7u","og_description":"GI\u1edaI THI\u1ec6U V\u1ec0 C\u00d4NG TY TNHH B\u1ea4T \u0110\u1ed8NG S\u1ea2N NTBT L\u1eddi \u0111\u1ea7u ti\u00ean, C\u00f4ng ty TNHH B\u1ea5t \u0111\u1ed9ng s\u1ea3n NTBT xin g\u1edfi l\u1eddi ch\u00e0o, l\u1eddi ch\u00fac s\u1ee9c kh\u1ecfe v\u00e0 th\u00e0nh c\u00f4ng \u0111\u1ebfn Qu\u00fd kh\u00e1ch h\u00e0ng, Qu\u00fd \u0111\u1ed1i t\u00e1c v\u00e0 to\u00e0n th\u1ec3 c\u00e1c th\u00e0nh vi\u00ean c\u1ee7a c\u00f4ng ty. S\u1ef1 th\u00e0nh l\u1eadp v\u00e0 ph\u00e1t tri\u1ec3n: C\u00f4ng ty TNHH B\u1ea5t \u0110\u1ed9ng S\u1ea3n NTBT \u0111\u01b0\u1ee3c th\u00e0nh l\u1eadp v\u00e0o ...","og_url":"https:\/\/ntbtreal.com\/en\/gioi-thieu\/","og_site_name":"NTBT REAL","article_publisher":"https:\/\/www.facebook.com\/NTBTRealEstate\/","article_modified_time":"2022-01-20T09:49:47+00:00","twitter_card":"summary_large_image","twitter_misc":{"Est. reading time":"5 minutes"},"schema":{"@context":"https:\/\/schema.org","@graph":[{"@type":"Organization","@id":"https:\/\/ntbtreal.com\/#organization","name":"NTBT REAL ESTATE","url":"https:\/\/ntbtreal.com\/","sameAs":["https:\/\/www.facebook.com\/NTBTRealEstate\/"],"logo":{"@type":"ImageObject","@id":"https:\/\/ntbtreal.com\/#logo","inLanguage":"en-US","url":"https:\/\/ntbtreal.com\/wp-content\/uploads\/2022\/08\/z3655582374904_3a9fa18004a815dc191e0fd6c766c5e5-1.jpg","contentUrl":"https:\/\/ntbtreal.com\/wp-content\/uploads\/2022\/08\/z3655582374904_3a9fa18004a815dc191e0fd6c766c5e5-1.jpg","width":412,"height":220,"caption":"NTBT REAL ESTATE"},"image":{"@id":"https:\/\/ntbtreal.com\/#logo"}},{"@type":"WebSite","@id":"https:\/\/ntbtreal.com\/#website","url":"https:\/\/ntbtreal.com\/","name":"NTBT REAL","description":"","publisher":{"@id":"https:\/\/ntbtreal.com\/#organization"},"potentialAction":[{"@type":"SearchAction","target":{"@type":"EntryPoint","urlTemplate":"https:\/\/ntbtreal.com\/?s={search_term_string}"},"query-input":"required name=search_term_string"}],"inLanguage":"en-US"},{"@type":"WebPage","@id":"https:\/\/ntbtreal.com\/gioi-thieu\/#webpage","url":"https:\/\/ntbtreal.com\/gioi-thieu\/","name":"Gi\u1edbi thi\u1ec7u - NTBT REAL","isPartOf":{"@id":"https:\/\/ntbtreal.com\/#website"},"datePublished":"2022-01-11T06:53:38+00:00","dateModified":"2022-01-20T09:49:47+00:00","breadcrumb":{"@id":"https:\/\/ntbtreal.com\/gioi-thieu\/#breadcrumb"},"inLanguage":"en-US","potentialAction":[{"@type":"ReadAction","target":["https:\/\/ntbtreal.com\/gioi-thieu\/"]}]},{"@type":"BreadcrumbList","@id":"https:\/\/ntbtreal.com\/gioi-thieu\/#breadcrumb","itemListElement":[{"@type":"ListItem","position":1,"name":"Home","item":"https:\/\/ntbtreal.com\/"},{"@type":"ListItem","position":2,"name":"Gi\u1edbi thi\u1ec7u"}]}]}},"_links":{"self":[{"href":"https:\/\/ntbtreal.com\/en\/wp-json\/wp\/v2\/pages\/29387"}],"collection":[{"href":"https:\/\/ntbtreal.com\/en\/wp-json\/wp\/v2\/pages"}],"about":[{"href":"https:\/\/ntbtreal.com\/en\/wp-json\/wp\/v2\/types\/page"}],"author":[{"embeddable":true,"href":"https:\/\/ntbtreal.com\/en\/wp-json\/wp\/v2\/users\/1"}],"replies":[{"embeddable":true,"href":"https:\/\/ntbtreal.com\/en\/wp-json\/wp\/v2\/comments?post=29387"}],"version-history":[{"count":0,"href":"https:\/\/ntbtreal.com\/en\/wp-json\/wp\/v2\/pages\/29387\/revisions"}],"wp:attachment":[{"href":"https:\/\/ntbtreal.com\/en\/wp-json\/wp\/v2\/media?parent=29387"}],"curies":[{"name":"wp","href":"https:\/\/api.w.org\/{rel}","templated":true}]}}