{"id":29389,"date":"2022-01-11T06:54:23","date_gmt":"2022-01-11T06:54:23","guid":{"rendered":"http:\/\/ntbtreal.123websitedev.com\/?page_id=29389"},"modified":"2022-08-20T14:12:59","modified_gmt":"2022-08-20T07:12:59","slug":"lien-he","status":"publish","type":"page","link":"https:\/\/ntbtreal.com\/en\/lien-he\/","title":{"rendered":"Contact"},"content":{"rendered":"<div data-elementor-type=\"wp-page\" data-elementor-id=\"29389\" class=\"elementor elementor-29389\">\n\t\t\t\t\t\t<section class=\"elementor-section elementor-top-section elementor-element elementor-element-4ab9b5b elementor-section-boxed elementor-section-height-default elementor-section-height-default\" data-id=\"4ab9b5b\" data-element_type=\"section\">\n\t\t\t\t\t\t<div class=\"elementor-container elementor-column-gap-default\">\n\t\t\t\t\t<div class=\"elementor-column elementor-col-100 elementor-top-column elementor-element elementor-element-80caa3c\" data-id=\"80caa3c\" data-element_type=\"column\">\n\t\t\t<div class=\"elementor-widget-wrap elementor-element-populated\">\n\t\t\t\t\t\t<div class=\"elementor-element elementor-element-dbe27c2 elementor-widget elementor-widget-google_maps\" data-id=\"dbe27c2\" data-element_type=\"widget\" data-widget_type=\"google_maps.default\">\n\t\t\t\t<div class=\"elementor-widget-container\">\n\t\t\t<style>\/*! elementor - v3.22.0 - 24-06-2024 *\/\n.elementor-widget-google_maps .elementor-widget-container{overflow:hidden}.elementor-widget-google_maps .elementor-custom-embed{line-height:0}.elementor-widget-google_maps iframe{height:300px}<\/style>\t\t<div class=\"elementor-custom-embed\">\n\t\t\t<iframe loading=\"lazy\"\n\t\t\t\t\tsrc=\"https:\/\/maps.google.com\/maps?q=NTBT%20REAL%20ESTATE%20District%207%2C%20Ho%20Chi%20Minh%20City%2C%20Vietnam&#038;t=m&#038;z=10&#038;output=embed&#038;iwloc=near\"\n\t\t\t\t\ttitle=\"NTBT REAL ESTATE District 7, Ho Chi Minh City, Vietnam\"\n\t\t\t\t\taria-label=\"NTBT REAL ESTATE District 7, Ho Chi Minh City, Vietnam\"\n\t\t\t><\/iframe>\n\t\t<\/div>\n\t\t\t\t<\/div>\n\t\t\t\t<\/div>\n\t\t\t\t\t<\/div>\n\t\t<\/div>\n\t\t\t\t\t<\/div>\n\t\t<\/section>\n\t\t\t\t<section class=\"elementor-section elementor-top-section elementor-element elementor-element-3c73f4d elementor-section-boxed elementor-section-height-default elementor-section-height-default\" data-id=\"3c73f4d\" data-element_type=\"section\">\n\t\t\t\t\t\t<div class=\"elementor-container elementor-column-gap-default\">\n\t\t\t\t\t<div class=\"elementor-column elementor-col-100 elementor-top-column elementor-element elementor-element-6ad8a57\" data-id=\"6ad8a57\" data-element_type=\"column\">\n\t\t\t<div class=\"elementor-widget-wrap elementor-element-populated\">\n\t\t\t\t\t\t<div class=\"elementor-element elementor-element-43f9f47 elementor-widget elementor-widget-Agent_Contact_Form\" data-id=\"43f9f47\" data-element_type=\"widget\" data-widget_type=\"Agent_Contact_Form.default\">\n\t\t\t\t<div class=\"elementor-widget-container\">\n\t\t\t<div class=\"wpestate_estate_property_design_agent\"><div class=\"agent_contanct_form\"> <h4 id=\"show_contact\">Contact Me<\/h4><script type=\"text\/javascript\">var gform;gform||(document.addEventListener(\"gform_main_scripts_loaded\",function(){gform.scriptsLoaded=!0}),window.addEventListener(\"DOMContentLoaded\",function(){gform.domLoaded=!0}),gform={domLoaded:!1,scriptsLoaded:!1,initializeOnLoaded:function(o){gform.domLoaded&&gform.scriptsLoaded?o():!gform.domLoaded&&gform.scriptsLoaded?window.addEventListener(\"DOMContentLoaded\",o):document.addEventListener(\"gform_main_scripts_loaded\",o)},hooks:{action:{},filter:{}},addAction:function(o,n,r,t){gform.addHook(\"action\",o,n,r,t)},addFilter:function(o,n,r,t){gform.addHook(\"filter\",o,n,r,t)},doAction:function(o){gform.doHook(\"action\",o,arguments)},applyFilters:function(o){return gform.doHook(\"filter\",o,arguments)},removeAction:function(o,n){gform.removeHook(\"action\",o,n)},removeFilter:function(o,n,r){gform.removeHook(\"filter\",o,n,r)},addHook:function(o,n,r,t,i){null==gform.hooks[o][n]&&(gform.hooks[o][n]=[]);var e=gform.hooks[o][n];null==i&&(i=n+\"_\"+e.length),gform.hooks[o][n].push({tag:i,callable:r,priority:t=null==t?10:t})},doHook:function(n,o,r){var t;if(r=Array.prototype.slice.call(r,1),null!=gform.hooks[n][o]&&((o=gform.hooks[n][o]).sort(function(o,n){return o.priority-n.priority}),o.forEach(function(o){\"function\"!=typeof(t=o.callable)&&(t=window[t]),\"action\"==n?t.apply(null,r):r[0]=t.apply(null,r)})),\"filter\"==n)return r[0]},removeHook:function(o,n,t,i){var r;null!=gform.hooks[o][n]&&(r=(r=gform.hooks[o][n]).filter(function(o,n,r){return!!(null!=i&&i!=o.tag||null!=t&&t!=o.priority)}),gform.hooks[o][n]=r)}});<\/script>\n                <div class='gf_browser_gecko gform_wrapper gravity-theme' id='gform_wrapper_2' >\n                        <div class='gform_heading'>\n                            <h2 class=\"gform_title\">Li\u00ean h\u1ec7 xem nh\u00e0<\/h2>\n                            <span class='gform_description'><\/span>\n                        <\/div><form method='post' enctype='multipart\/form-data'  id='gform_2'  action='\/en\/wp-json\/wp\/v2\/pages\/29389' novalidate data-trp-original-action=\"\/en\/wp-json\/wp\/v2\/pages\/29389\">\n                        <div class='gform_body gform-body'><div id='gform_fields_2' class='gform_fields top_label form_sublabel_below description_below'><div id=\"field_2_1\" class=\"gfield field_sublabel_below field_description_below gfield_visibility_visible\" ><label class='gfield_label' for='input_2_1' >Name<\/label><div class='ginput_container ginput_container_text'><input name='input_1' id='input_2_1' type='text' value='' class='large'      aria-invalid=\"false\"   \/> <\/div><\/div><div id=\"field_2_4\" class=\"gfield gfield--width-full field_sublabel_below field_description_below gfield_visibility_visible\" ><label class='gfield_label' for='input_2_4' >Phone<\/label><div class='ginput_container ginput_container_phone'><input name='input_4' id='input_2_4' type='tel' value='' class='large'    aria-invalid=\"false\"   \/><\/div><\/div><div id=\"field_2_5\" class=\"gfield field_sublabel_below field_description_below gfield_visibility_visible\" ><label class='gfield_label' for='input_2_5' >Email<\/label><div class='ginput_container ginput_container_email'>\n                            <input name='input_5' id='input_2_5' type='email' value='' class='large'     aria-invalid=\"false\"  \/>\n                        <\/div><\/div><\/div><\/div>\n        <div class='gform_footer top_label'> <input type='submit' id='gform_submit_button_2' class='gform_button button' value='Send'  onclick='if(window[\"gf_submitting_2\"]){return false;}  if( !jQuery(\"#gform_2\")[0].checkValidity || jQuery(\"#gform_2\")[0].checkValidity()){window[\"gf_submitting_2\"]=true;}  ' onkeypress='if( event.keyCode == 13 ){ if(window[\"gf_submitting_2\"]){return false;} if( !jQuery(\"#gform_2\")[0].checkValidity || jQuery(\"#gform_2\")[0].checkValidity()){window[\"gf_submitting_2\"]=true;}  jQuery(\"#gform_2\").trigger(\"submit\",[true]); }' \/> \n            <input type='hidden' class='gform_hidden' name='is_submit_2' value='1' \/>\n            <input type='hidden' class='gform_hidden' name='gform_submit' value='2' \/>\n            \n            <input type='hidden' class='gform_hidden' name='gform_unique_id' value='' \/>\n            <input type='hidden' class='gform_hidden' name='state_2' value='WyJbXSIsIjc2NzQ0MTljNTBiOWE2MTJhYjQ0NzA0NDUzNjc0ZjI5Il0=' \/>\n            <input type='hidden' class='gform_hidden' name='gform_target_page_number_2' id='gform_target_page_number_2' value='0' \/>\n            <input type='hidden' class='gform_hidden' name='gform_source_page_number_2' id='gform_source_page_number_2' value='1' \/>\n            <input type='hidden' name='gform_field_values' value='' \/>\n            \n        <\/div>\n                        <input type=\"hidden\" name=\"trp-form-language\" value=\"en\"\/><\/form>\n                        <\/div><\/div><\/div>\t\t<\/div>\n\t\t\t\t<\/div>\n\t\t\t\t\t<\/div>\n\t\t<\/div>\n\t\t\t\t\t<\/div>\n\t\t<\/section>\n\t\t\t\t<\/div>","protected":false},"excerpt":{"rendered":"<p>Contact me Schedule a show? Time7:007:157:307:458:008:158:308:459:009:159:309:4510:0010:1510:3010:4511:0011:1511:3011:4512:0012:1512:3012:4513 :0013:1513:3013:4514:0014:1514:3014:4515:0015:1515:3015:4516:0016:1516:3016:4517:0017:1517:3017:4518:0018:1518:3018:4519:0019 :1519:3019:45 I&#39;m interested in[ ]<\/p>","protected":false},"author":1,"featured_media":0,"parent":0,"menu_order":0,"comment_status":"closed","ping_status":"closed","template":"","meta":[],"acf":[],"yoast_head":"<!-- This site is optimized with the Yoast SEO Premium plugin v17.0 (Yoast SEO v17.0) - https:\/\/yoast.com\/wordpress\/plugins\/seo\/ -->\n<title>Li\u00ean h\u1ec7 - NTBT REAL<\/title>\n<meta name=\"robots\" content=\"index, follow, max-snippet:-1, max-image-preview:large, max-video-preview:-1\" \/>\n<link rel=\"canonical\" href=\"https:\/\/ntbtreal.com\/en\/lien-he\/\" \/>\n<meta property=\"og:locale\" content=\"en_US\" \/>\n<meta property=\"og:type\" content=\"article\" \/>\n<meta property=\"og:title\" content=\"Li\u00ean h\u1ec7\" \/>\n<meta property=\"og:description\" content=\"Li\u00ean h\u1ec7 v\u1edbi t\u00f4i L\u00ean l\u1ecbch tr\u00ecnh chi\u1ebfu? Th\u1eddi gian7:007:157:307:458:008:158:308:459:009:159:309:4510:0010:1510:3010:4511:0011:1511:3011:4512:0012:1512:3012:4513:0013:1513:3013:4514:0014:1514:3014:4515:0015:1515:3015:4516:0016:1516:3016:4517:0017:1517:3017:4518:0018:1518:3018:4519:0019:1519:3019:45 T\u00f4i quan t\u00e2m \u0111\u1ebfn[ ]\" \/>\n<meta property=\"og:url\" content=\"https:\/\/ntbtreal.com\/en\/lien-he\/\" \/>\n<meta property=\"og:site_name\" content=\"NTBT REAL\" \/>\n<meta property=\"article:publisher\" content=\"https:\/\/www.facebook.com\/NTBTRealEstate\/\" \/>\n<meta property=\"article:modified_time\" content=\"2022-08-20T07:12:59+00:00\" \/>\n<meta name=\"twitter:card\" content=\"summary_large_image\" \/>\n<script type=\"application\/ld+json\" class=\"yoast-schema-graph\">{\"@context\":\"https:\/\/schema.org\",\"@graph\":[{\"@type\":\"Organization\",\"@id\":\"https:\/\/ntbtreal.com\/#organization\",\"name\":\"NTBT REAL ESTATE\",\"url\":\"https:\/\/ntbtreal.com\/\",\"sameAs\":[\"https:\/\/www.facebook.com\/NTBTRealEstate\/\"],\"logo\":{\"@type\":\"ImageObject\",\"@id\":\"https:\/\/ntbtreal.com\/#logo\",\"inLanguage\":\"en-US\",\"url\":\"https:\/\/ntbtreal.com\/wp-content\/uploads\/2022\/08\/z3655582374904_3a9fa18004a815dc191e0fd6c766c5e5-1.jpg\",\"contentUrl\":\"https:\/\/ntbtreal.com\/wp-content\/uploads\/2022\/08\/z3655582374904_3a9fa18004a815dc191e0fd6c766c5e5-1.jpg\",\"width\":412,\"height\":220,\"caption\":\"NTBT REAL ESTATE\"},\"image\":{\"@id\":\"https:\/\/ntbtreal.com\/#logo\"}},{\"@type\":\"WebSite\",\"@id\":\"https:\/\/ntbtreal.com\/#website\",\"url\":\"https:\/\/ntbtreal.com\/\",\"name\":\"NTBT REAL\",\"description\":\"\",\"publisher\":{\"@id\":\"https:\/\/ntbtreal.com\/#organization\"},\"potentialAction\":[{\"@type\":\"SearchAction\",\"target\":{\"@type\":\"EntryPoint\",\"urlTemplate\":\"https:\/\/ntbtreal.com\/?s={search_term_string}\"},\"query-input\":\"required name=search_term_string\"}],\"inLanguage\":\"en-US\"},{\"@type\":\"WebPage\",\"@id\":\"https:\/\/ntbtreal.com\/lien-he\/#webpage\",\"url\":\"https:\/\/ntbtreal.com\/lien-he\/\",\"name\":\"Li\\u00ean h\\u1ec7 - NTBT REAL\",\"isPartOf\":{\"@id\":\"https:\/\/ntbtreal.com\/#website\"},\"datePublished\":\"2022-01-11T06:54:23+00:00\",\"dateModified\":\"2022-08-20T07:12:59+00:00\",\"breadcrumb\":{\"@id\":\"https:\/\/ntbtreal.com\/lien-he\/#breadcrumb\"},\"inLanguage\":\"en-US\",\"potentialAction\":[{\"@type\":\"ReadAction\",\"target\":[\"https:\/\/ntbtreal.com\/lien-he\/\"]}]},{\"@type\":\"BreadcrumbList\",\"@id\":\"https:\/\/ntbtreal.com\/lien-he\/#breadcrumb\",\"itemListElement\":[{\"@type\":\"ListItem\",\"position\":1,\"name\":\"Home\",\"item\":\"https:\/\/ntbtreal.com\/\"},{\"@type\":\"ListItem\",\"position\":2,\"name\":\"Li\\u00ean h\\u1ec7\"}]}]}<\/script>\n<!-- \/ Yoast SEO Premium plugin. -->","yoast_head_json":{"title":"Li\u00ean h\u1ec7 - NTBT REAL","robots":{"index":"index","follow":"follow","max-snippet":"max-snippet:-1","max-image-preview":"max-image-preview:large","max-video-preview":"max-video-preview:-1"},"canonical":"https:\/\/ntbtreal.com\/en\/lien-he\/","og_locale":"en_US","og_type":"article","og_title":"Li\u00ean h\u1ec7","og_description":"Li\u00ean h\u1ec7 v\u1edbi t\u00f4i L\u00ean l\u1ecbch tr\u00ecnh chi\u1ebfu? Th\u1eddi gian7:007:157:307:458:008:158:308:459:009:159:309:4510:0010:1510:3010:4511:0011:1511:3011:4512:0012:1512:3012:4513:0013:1513:3013:4514:0014:1514:3014:4515:0015:1515:3015:4516:0016:1516:3016:4517:0017:1517:3017:4518:0018:1518:3018:4519:0019:1519:3019:45 T\u00f4i quan t\u00e2m \u0111\u1ebfn[ ]","og_url":"https:\/\/ntbtreal.com\/en\/lien-he\/","og_site_name":"NTBT REAL","article_publisher":"https:\/\/www.facebook.com\/NTBTRealEstate\/","article_modified_time":"2022-08-20T07:12:59+00:00","twitter_card":"summary_large_image","schema":{"@context":"https:\/\/schema.org","@graph":[{"@type":"Organization","@id":"https:\/\/ntbtreal.com\/#organization","name":"NTBT REAL ESTATE","url":"https:\/\/ntbtreal.com\/","sameAs":["https:\/\/www.facebook.com\/NTBTRealEstate\/"],"logo":{"@type":"ImageObject","@id":"https:\/\/ntbtreal.com\/#logo","inLanguage":"en-US","url":"https:\/\/ntbtreal.com\/wp-content\/uploads\/2022\/08\/z3655582374904_3a9fa18004a815dc191e0fd6c766c5e5-1.jpg","contentUrl":"https:\/\/ntbtreal.com\/wp-content\/uploads\/2022\/08\/z3655582374904_3a9fa18004a815dc191e0fd6c766c5e5-1.jpg","width":412,"height":220,"caption":"NTBT REAL ESTATE"},"image":{"@id":"https:\/\/ntbtreal.com\/#logo"}},{"@type":"WebSite","@id":"https:\/\/ntbtreal.com\/#website","url":"https:\/\/ntbtreal.com\/","name":"NTBT REAL","description":"","publisher":{"@id":"https:\/\/ntbtreal.com\/#organization"},"potentialAction":[{"@type":"SearchAction","target":{"@type":"EntryPoint","urlTemplate":"https:\/\/ntbtreal.com\/?s={search_term_string}"},"query-input":"required name=search_term_string"}],"inLanguage":"en-US"},{"@type":"WebPage","@id":"https:\/\/ntbtreal.com\/lien-he\/#webpage","url":"https:\/\/ntbtreal.com\/lien-he\/","name":"Li\u00ean h\u1ec7 - NTBT REAL","isPartOf":{"@id":"https:\/\/ntbtreal.com\/#website"},"datePublished":"2022-01-11T06:54:23+00:00","dateModified":"2022-08-20T07:12:59+00:00","breadcrumb":{"@id":"https:\/\/ntbtreal.com\/lien-he\/#breadcrumb"},"inLanguage":"en-US","potentialAction":[{"@type":"ReadAction","target":["https:\/\/ntbtreal.com\/lien-he\/"]}]},{"@type":"BreadcrumbList","@id":"https:\/\/ntbtreal.com\/lien-he\/#breadcrumb","itemListElement":[{"@type":"ListItem","position":1,"name":"Home","item":"https:\/\/ntbtreal.com\/"},{"@type":"ListItem","position":2,"name":"Li\u00ean h\u1ec7"}]}]}},"_links":{"self":[{"href":"https:\/\/ntbtreal.com\/en\/wp-json\/wp\/v2\/pages\/29389"}],"collection":[{"href":"https:\/\/ntbtreal.com\/en\/wp-json\/wp\/v2\/pages"}],"about":[{"href":"https:\/\/ntbtreal.com\/en\/wp-json\/wp\/v2\/types\/page"}],"author":[{"embeddable":true,"href":"https:\/\/ntbtreal.com\/en\/wp-json\/wp\/v2\/users\/1"}],"replies":[{"embeddable":true,"href":"https:\/\/ntbtreal.com\/en\/wp-json\/wp\/v2\/comments?post=29389"}],"version-history":[{"count":0,"href":"https:\/\/ntbtreal.com\/en\/wp-json\/wp\/v2\/pages\/29389\/revisions"}],"wp:attachment":[{"href":"https:\/\/ntbtreal.com\/en\/wp-json\/wp\/v2\/media?parent=29389"}],"curies":[{"name":"wp","href":"https:\/\/api.w.org\/{rel}","templated":true}]}}