{"id":46066,"date":"2025-04-16T16:03:16","date_gmt":"2025-04-16T09:03:16","guid":{"rendered":"https:\/\/ntbtreal.com\/?page_id=46066"},"modified":"2025-04-16T16:24:14","modified_gmt":"2025-04-16T09:24:14","slug":"du-an-bds","status":"publish","type":"page","link":"https:\/\/ntbtreal.com\/en\/du-an-bds\/","title":{"rendered":"Project"},"content":{"rendered":"<div data-elementor-type=\"wp-page\" data-elementor-id=\"46066\" class=\"elementor elementor-46066\">\n\t\t\t\t\t\t<section class=\"elementor-section elementor-top-section elementor-element elementor-element-5b8247f elementor-section-boxed elementor-section-height-default elementor-section-height-default\" data-id=\"5b8247f\" data-element_type=\"section\">\n\t\t\t\t\t\t<div class=\"elementor-container elementor-column-gap-default\">\n\t\t\t\t\t<div class=\"elementor-column elementor-col-100 elementor-top-column elementor-element elementor-element-1d40640\" data-id=\"1d40640\" data-element_type=\"column\">\n\t\t\t<div class=\"elementor-widget-wrap elementor-element-populated\">\n\t\t\t\t\t\t<div class=\"elementor-element elementor-element-9c266dc elementor-grid-3 elementor-grid-tablet-2 elementor-grid-mobile-1 elementor-posts--thumbnail-top elementor-card-shadow-yes elementor-posts__hover-gradient elementor-widget elementor-widget-posts\" data-id=\"9c266dc\" data-element_type=\"widget\" data-settings=\"{&quot;pagination_type&quot;:&quot;numbers&quot;,&quot;cards_columns&quot;:&quot;3&quot;,&quot;cards_columns_tablet&quot;:&quot;2&quot;,&quot;cards_columns_mobile&quot;:&quot;1&quot;,&quot;cards_row_gap&quot;:{&quot;unit&quot;:&quot;px&quot;,&quot;size&quot;:35,&quot;sizes&quot;:[]},&quot;cards_row_gap_tablet&quot;:{&quot;unit&quot;:&quot;px&quot;,&quot;size&quot;:&quot;&quot;,&quot;sizes&quot;:[]},&quot;cards_row_gap_mobile&quot;:{&quot;unit&quot;:&quot;px&quot;,&quot;size&quot;:&quot;&quot;,&quot;sizes&quot;:[]}}\" data-widget_type=\"posts.cards\">\n\t\t\t\t<div class=\"elementor-widget-container\">\n\t\t\t<link rel=\"stylesheet\" href=\"https:\/\/ntbtreal.com\/wp-content\/plugins\/elementor-pro\/assets\/css\/widget-posts.min.css\">\t\t<div class=\"elementor-posts-container elementor-posts elementor-posts--skin-cards elementor-grid\">\n\t\t\t\t<article class=\"elementor-post elementor-grid-item post-46643 duan type-duan status-publish has-post-thumbnail hentry\">\n\t\t\t<div class=\"elementor-post__card\">\n\t\t\t\t<a class=\"elementor-post__thumbnail__link\" href=\"https:\/\/ntbtreal.com\/en\/duan\/the-signature-midtown-m7-phu-my-hung-quan-7\/\" ><div class=\"elementor-post__thumbnail\"><img fetchpriority=\"high\" width=\"768\" height=\"430\" src=\"https:\/\/ntbtreal.com\/wp-content\/uploads\/2025\/06\/117444621_3261977407229432_539796476648744353_o_603a3cb49e599-1-768x430.jpg\" class=\"attachment-medium_large size-medium_large wp-image-49083\" alt=\"\" decoding=\"async\" srcset=\"https:\/\/ntbtreal.com\/wp-content\/uploads\/2025\/06\/117444621_3261977407229432_539796476648744353_o_603a3cb49e599-1-768x430.jpg 768w, https:\/\/ntbtreal.com\/wp-content\/uploads\/2025\/06\/117444621_3261977407229432_539796476648744353_o_603a3cb49e599-1-300x168.jpg 300w, https:\/\/ntbtreal.com\/wp-content\/uploads\/2025\/06\/117444621_3261977407229432_539796476648744353_o_603a3cb49e599-1-16x9.jpg 16w, https:\/\/ntbtreal.com\/wp-content\/uploads\/2025\/06\/117444621_3261977407229432_539796476648744353_o_603a3cb49e599-1-255x143.jpg 255w, https:\/\/ntbtreal.com\/wp-content\/uploads\/2025\/06\/117444621_3261977407229432_539796476648744353_o_603a3cb49e599-1-835x467.jpg 835w, https:\/\/ntbtreal.com\/wp-content\/uploads\/2025\/06\/117444621_3261977407229432_539796476648744353_o_603a3cb49e599-1.jpg 920w\" sizes=\"(max-width: 768px) 100vw, 768px\" \/><\/div><\/a>\n\t\t\t\t<div class=\"elementor-post__text\">\n\t\t\t\t<h3 class=\"elementor-post__title\">\n\t\t\t<a href=\"https:\/\/ntbtreal.com\/en\/duan\/the-signature-midtown-m7-phu-my-hung-quan-7\/\" >\n\t\t\t\tTHE SIGNATURE MIDTOWN \u2013 M7 MIDTOWN \u2013 PH\u00da M\u1ef8 H\u01afNG\t\t\t<\/a>\n\t\t<\/h3>\n\t\t\t\t\t<a class=\"elementor-post__read-more\" href=\"https:\/\/ntbtreal.com\/en\/duan\/the-signature-midtown-m7-phu-my-hung-quan-7\/\" >\n\t\t\t\tSee more &quot;\t\t\t<\/a>\n\t\t\t\t<\/div>\n\t\t\t\t\t<\/div>\n\t\t<\/article>\n\t\t\t\t<article class=\"elementor-post elementor-grid-item post-46385 duan type-duan status-publish has-post-thumbnail hentry\">\n\t\t\t<div class=\"elementor-post__card\">\n\t\t\t\t<a class=\"elementor-post__thumbnail__link\" href=\"https:\/\/ntbtreal.com\/en\/duan\/mo-ban-can-ho-lumiere-midtown-the-global-city-quan-2-masterise-homes\/\" ><div class=\"elementor-post__thumbnail\"><img width=\"768\" height=\"698\" src=\"https:\/\/ntbtreal.com\/wp-content\/uploads\/2025\/05\/hinh-nen-lumiere-midtown-the-global-city-2-768x698.jpg\" class=\"attachment-medium_large size-medium_large wp-image-46477\" alt=\"\" decoding=\"async\" srcset=\"https:\/\/ntbtreal.com\/wp-content\/uploads\/2025\/05\/hinh-nen-lumiere-midtown-the-global-city-2-768x698.jpg 768w, https:\/\/ntbtreal.com\/wp-content\/uploads\/2025\/05\/hinh-nen-lumiere-midtown-the-global-city-2-300x273.jpg 300w, https:\/\/ntbtreal.com\/wp-content\/uploads\/2025\/05\/hinh-nen-lumiere-midtown-the-global-city-2-1024x931.jpg 1024w, https:\/\/ntbtreal.com\/wp-content\/uploads\/2025\/05\/hinh-nen-lumiere-midtown-the-global-city-2-13x12.jpg 13w, https:\/\/ntbtreal.com\/wp-content\/uploads\/2025\/05\/hinh-nen-lumiere-midtown-the-global-city-2.jpg 1280w\" sizes=\"(max-width: 768px) 100vw, 768px\" \/><\/div><\/a>\n\t\t\t\t<div class=\"elementor-post__text\">\n\t\t\t\t<h3 class=\"elementor-post__title\">\n\t\t\t<a href=\"https:\/\/ntbtreal.com\/en\/duan\/mo-ban-can-ho-lumiere-midtown-the-global-city-quan-2-masterise-homes\/\" >\n\t\t\t\tLumi\u00e8re Midtown Apartment \u2013 The Global City, District 2 \u2013 Developed by Masterise Homes.\t\t\t<\/a>\n\t\t<\/h3>\n\t\t\t\t\t<a class=\"elementor-post__read-more\" href=\"https:\/\/ntbtreal.com\/en\/duan\/mo-ban-can-ho-lumiere-midtown-the-global-city-quan-2-masterise-homes\/\" >\n\t\t\t\tSee more &quot;\t\t\t<\/a>\n\t\t\t\t<\/div>\n\t\t\t\t\t<\/div>\n\t\t<\/article>\n\t\t\t\t<article class=\"elementor-post elementor-grid-item post-45768 duan type-duan status-publish has-post-thumbnail hentry\">\n\t\t\t<div class=\"elementor-post__card\">\n\t\t\t\t<a class=\"elementor-post__thumbnail__link\" href=\"https:\/\/ntbtreal.com\/en\/duan\/the-audora-phu-my-hung-quan-7\/\" ><div class=\"elementor-post__thumbnail\"><img width=\"768\" height=\"432\" src=\"https:\/\/ntbtreal.com\/wp-content\/uploads\/2025\/03\/phoi-canh-tong-the-the-aurora-phu-my-hung-du-an-can-ho-cao-cap-quan-7-1024x576-1-768x432.jpg\" class=\"attachment-medium_large size-medium_large wp-image-45800\" alt=\"\" decoding=\"async\" srcset=\"https:\/\/ntbtreal.com\/wp-content\/uploads\/2025\/03\/phoi-canh-tong-the-the-aurora-phu-my-hung-du-an-can-ho-cao-cap-quan-7-1024x576-1-768x432.jpg 768w, https:\/\/ntbtreal.com\/wp-content\/uploads\/2025\/03\/phoi-canh-tong-the-the-aurora-phu-my-hung-du-an-can-ho-cao-cap-quan-7-1024x576-1-300x169.jpg 300w, https:\/\/ntbtreal.com\/wp-content\/uploads\/2025\/03\/phoi-canh-tong-the-the-aurora-phu-my-hung-du-an-can-ho-cao-cap-quan-7-1024x576-1-16x9.jpg 16w, https:\/\/ntbtreal.com\/wp-content\/uploads\/2025\/03\/phoi-canh-tong-the-the-aurora-phu-my-hung-du-an-can-ho-cao-cap-quan-7-1024x576-1-255x143.jpg 255w, https:\/\/ntbtreal.com\/wp-content\/uploads\/2025\/03\/phoi-canh-tong-the-the-aurora-phu-my-hung-du-an-can-ho-cao-cap-quan-7-1024x576-1.jpg 1024w\" sizes=\"(max-width: 768px) 100vw, 768px\" \/><\/div><\/a>\n\t\t\t\t<div class=\"elementor-post__text\">\n\t\t\t\t<h3 class=\"elementor-post__title\">\n\t\t\t<a href=\"https:\/\/ntbtreal.com\/en\/duan\/the-audora-phu-my-hung-quan-7\/\" >\n\t\t\t\tTHE AURORA \u2013 PH\u00da M\u1ef8 H\u01afNG \u2013 HO CHI MINH CITY\t\t\t<\/a>\n\t\t<\/h3>\n\t\t\t\t\t<a class=\"elementor-post__read-more\" href=\"https:\/\/ntbtreal.com\/en\/duan\/the-audora-phu-my-hung-quan-7\/\" >\n\t\t\t\tSee more &quot;\t\t\t<\/a>\n\t\t\t\t<\/div>\n\t\t\t\t\t<\/div>\n\t\t<\/article>\n\t\t\t\t<article class=\"elementor-post elementor-grid-item post-45393 duan type-duan status-publish has-post-thumbnail hentry\">\n\t\t\t<div class=\"elementor-post__card\">\n\t\t\t\t<a class=\"elementor-post__thumbnail__link\" href=\"https:\/\/ntbtreal.com\/en\/duan\/the-peak-midtown-m8-phu-my-hung-quan-7\/\" ><div class=\"elementor-post__thumbnail\"><img loading=\"lazy\" width=\"768\" height=\"465\" src=\"https:\/\/ntbtreal.com\/wp-content\/uploads\/2024\/06\/M8_new-768x465.jpg\" class=\"attachment-medium_large size-medium_large wp-image-45330\" alt=\"\" decoding=\"async\" srcset=\"https:\/\/ntbtreal.com\/wp-content\/uploads\/2024\/06\/M8_new-768x465.jpg 768w, https:\/\/ntbtreal.com\/wp-content\/uploads\/2024\/06\/M8_new-300x182.jpg 300w, https:\/\/ntbtreal.com\/wp-content\/uploads\/2024\/06\/M8_new-1024x620.jpg 1024w, https:\/\/ntbtreal.com\/wp-content\/uploads\/2024\/06\/M8_new-1536x929.jpg 1536w, https:\/\/ntbtreal.com\/wp-content\/uploads\/2024\/06\/M8_new-16x10.jpg 16w, https:\/\/ntbtreal.com\/wp-content\/uploads\/2024\/06\/M8_new.jpg 1600w\" sizes=\"(max-width: 768px) 100vw, 768px\" \/><\/div><\/a>\n\t\t\t\t<div class=\"elementor-post__text\">\n\t\t\t\t<h3 class=\"elementor-post__title\">\n\t\t\t<a href=\"https:\/\/ntbtreal.com\/en\/duan\/the-peak-midtown-m8-phu-my-hung-quan-7\/\" >\n\t\t\t\tTHE PEAK MIDTOWN \u2013 M8 MIDTOWN \u2013 PH\u00da M\u1ef8 H\u01afNG\t\t\t<\/a>\n\t\t<\/h3>\n\t\t\t\t\t<a class=\"elementor-post__read-more\" href=\"https:\/\/ntbtreal.com\/en\/duan\/the-peak-midtown-m8-phu-my-hung-quan-7\/\" >\n\t\t\t\tSee more &quot;\t\t\t<\/a>\n\t\t\t\t<\/div>\n\t\t\t\t\t<\/div>\n\t\t<\/article>\n\t\t\t\t<article class=\"elementor-post elementor-grid-item post-45343 duan type-duan status-publish has-post-thumbnail hentry\">\n\t\t\t<div class=\"elementor-post__card\">\n\t\t\t\t<a class=\"elementor-post__thumbnail__link\" href=\"https:\/\/ntbtreal.com\/en\/duan\/the-antonia-phu-my-hung-quan-7\/\" ><div class=\"elementor-post__thumbnail\"><img loading=\"lazy\" width=\"768\" height=\"514\" src=\"https:\/\/ntbtreal.com\/wp-content\/uploads\/2025\/02\/the-antonia-4499-768x514.jpg\" class=\"attachment-medium_large size-medium_large wp-image-45390\" alt=\"\" decoding=\"async\" srcset=\"https:\/\/ntbtreal.com\/wp-content\/uploads\/2025\/02\/the-antonia-4499-768x514.jpg 768w, https:\/\/ntbtreal.com\/wp-content\/uploads\/2025\/02\/the-antonia-4499-300x201.jpg 300w, https:\/\/ntbtreal.com\/wp-content\/uploads\/2025\/02\/the-antonia-4499-1024x685.jpg 1024w, https:\/\/ntbtreal.com\/wp-content\/uploads\/2025\/02\/the-antonia-4499-16x12.jpg 16w, https:\/\/ntbtreal.com\/wp-content\/uploads\/2025\/02\/the-antonia-4499-105x70.jpg 105w, https:\/\/ntbtreal.com\/wp-content\/uploads\/2025\/02\/the-antonia-4499.jpg 1300w\" sizes=\"(max-width: 768px) 100vw, 768px\" \/><\/div><\/a>\n\t\t\t\t<div class=\"elementor-post__text\">\n\t\t\t\t<h3 class=\"elementor-post__title\">\n\t\t\t<a href=\"https:\/\/ntbtreal.com\/en\/duan\/the-antonia-phu-my-hung-quan-7\/\" >\n\t\t\t\tTHE ANTONIA \u2013 PH\u00da M\u1ef8 H\u01afNG \u2013 DISTRICT 7\t\t\t<\/a>\n\t\t<\/h3>\n\t\t\t\t\t<a class=\"elementor-post__read-more\" href=\"https:\/\/ntbtreal.com\/en\/duan\/the-antonia-phu-my-hung-quan-7\/\" >\n\t\t\t\tSee more &quot;\t\t\t<\/a>\n\t\t\t\t<\/div>\n\t\t\t\t\t<\/div>\n\t\t<\/article>\n\t\t\t\t<article class=\"elementor-post elementor-grid-item post-45341 duan type-duan status-publish has-post-thumbnail hentry\">\n\t\t\t<div class=\"elementor-post__card\">\n\t\t\t\t<a class=\"elementor-post__thumbnail__link\" href=\"https:\/\/ntbtreal.com\/en\/duan\/the-ascentia-phu-my-hung-quan-7\/\" ><div class=\"elementor-post__thumbnail\"><img loading=\"lazy\" width=\"768\" height=\"405\" src=\"https:\/\/ntbtreal.com\/wp-content\/uploads\/2025\/02\/22-2-768x405.jpg\" class=\"attachment-medium_large size-medium_large wp-image-45380\" alt=\"\" decoding=\"async\" srcset=\"https:\/\/ntbtreal.com\/wp-content\/uploads\/2025\/02\/22-2-768x405.jpg 768w, https:\/\/ntbtreal.com\/wp-content\/uploads\/2025\/02\/22-2-300x158.jpg 300w, https:\/\/ntbtreal.com\/wp-content\/uploads\/2025\/02\/22-2-1024x540.jpg 1024w, https:\/\/ntbtreal.com\/wp-content\/uploads\/2025\/02\/22-2-16x8.jpg 16w, https:\/\/ntbtreal.com\/wp-content\/uploads\/2025\/02\/22-2.jpg 1518w\" sizes=\"(max-width: 768px) 100vw, 768px\" \/><\/div><\/a>\n\t\t\t\t<div class=\"elementor-post__text\">\n\t\t\t\t<h3 class=\"elementor-post__title\">\n\t\t\t<a href=\"https:\/\/ntbtreal.com\/en\/duan\/the-ascentia-phu-my-hung-quan-7\/\" >\n\t\t\t\tTHE ASCENTIA \u2013 PH\u00da M\u1ef8 H\u01afNG \u2013 HO CHI MINH CITY\t\t\t<\/a>\n\t\t<\/h3>\n\t\t\t\t\t<a class=\"elementor-post__read-more\" href=\"https:\/\/ntbtreal.com\/en\/duan\/the-ascentia-phu-my-hung-quan-7\/\" >\n\t\t\t\tSee more &quot;\t\t\t<\/a>\n\t\t\t\t<\/div>\n\t\t\t\t\t<\/div>\n\t\t<\/article>\n\t\t\t\t<article class=\"elementor-post elementor-grid-item post-44694 duan type-duan status-publish has-post-thumbnail hentry\">\n\t\t\t<div class=\"elementor-post__card\">\n\t\t\t\t<a class=\"elementor-post__thumbnail__link\" href=\"https:\/\/ntbtreal.com\/en\/duan\/global-city-masteri-grand-view-quan-2\/\" ><div class=\"elementor-post__thumbnail\"><img loading=\"lazy\" width=\"768\" height=\"399\" src=\"https:\/\/ntbtreal.com\/wp-content\/uploads\/2024\/12\/phoi-canh-du-an-the-global-city-12-768x399.jpg\" class=\"attachment-medium_large size-medium_large wp-image-45321\" alt=\"\" decoding=\"async\" srcset=\"https:\/\/ntbtreal.com\/wp-content\/uploads\/2024\/12\/phoi-canh-du-an-the-global-city-12-768x399.jpg 768w, https:\/\/ntbtreal.com\/wp-content\/uploads\/2024\/12\/phoi-canh-du-an-the-global-city-12-300x156.jpg 300w, https:\/\/ntbtreal.com\/wp-content\/uploads\/2024\/12\/phoi-canh-du-an-the-global-city-12-1024x532.jpg 1024w, https:\/\/ntbtreal.com\/wp-content\/uploads\/2024\/12\/phoi-canh-du-an-the-global-city-12-1536x798.jpg 1536w, https:\/\/ntbtreal.com\/wp-content\/uploads\/2024\/12\/phoi-canh-du-an-the-global-city-12-16x8.jpg 16w, https:\/\/ntbtreal.com\/wp-content\/uploads\/2024\/12\/phoi-canh-du-an-the-global-city-12.jpg 1920w\" sizes=\"(max-width: 768px) 100vw, 768px\" \/><\/div><\/a>\n\t\t\t\t<div class=\"elementor-post__text\">\n\t\t\t\t<h3 class=\"elementor-post__title\">\n\t\t\t<a href=\"https:\/\/ntbtreal.com\/en\/duan\/global-city-masteri-grand-view-quan-2\/\" >\n\t\t\t\tGLOBAL CITY \u2013 MASTERI GRAND VIEW \u2013 DISTRICT 2\t\t\t<\/a>\n\t\t<\/h3>\n\t\t\t\t\t<a class=\"elementor-post__read-more\" href=\"https:\/\/ntbtreal.com\/en\/duan\/global-city-masteri-grand-view-quan-2\/\" >\n\t\t\t\tSee more &quot;\t\t\t<\/a>\n\t\t\t\t<\/div>\n\t\t\t\t\t<\/div>\n\t\t<\/article>\n\t\t\t\t<article class=\"elementor-post elementor-grid-item post-43143 duan type-duan status-publish has-post-thumbnail hentry\">\n\t\t\t<div class=\"elementor-post__card\">\n\t\t\t\t<a class=\"elementor-post__thumbnail__link\" href=\"https:\/\/ntbtreal.com\/en\/duan\/riverpark-residences-phu-my-hung-quan-7\/\" ><div class=\"elementor-post__thumbnail\"><img loading=\"lazy\" width=\"768\" height=\"432\" src=\"https:\/\/ntbtreal.com\/wp-content\/uploads\/2024\/06\/Riverpark-Residence-768x432.jpg\" class=\"attachment-medium_large size-medium_large wp-image-45324\" alt=\"\" decoding=\"async\" srcset=\"https:\/\/ntbtreal.com\/wp-content\/uploads\/2024\/06\/Riverpark-Residence-768x432.jpg 768w, https:\/\/ntbtreal.com\/wp-content\/uploads\/2024\/06\/Riverpark-Residence-300x169.jpg 300w, https:\/\/ntbtreal.com\/wp-content\/uploads\/2024\/06\/Riverpark-Residence-1024x576.jpg 1024w, https:\/\/ntbtreal.com\/wp-content\/uploads\/2024\/06\/Riverpark-Residence-1536x864.jpg 1536w, https:\/\/ntbtreal.com\/wp-content\/uploads\/2024\/06\/Riverpark-Residence-16x9.jpg 16w, https:\/\/ntbtreal.com\/wp-content\/uploads\/2024\/06\/Riverpark-Residence-255x143.jpg 255w, https:\/\/ntbtreal.com\/wp-content\/uploads\/2024\/06\/Riverpark-Residence-1110x623.jpg 1110w, https:\/\/ntbtreal.com\/wp-content\/uploads\/2024\/06\/Riverpark-Residence.jpg 1920w\" sizes=\"(max-width: 768px) 100vw, 768px\" \/><\/div><\/a>\n\t\t\t\t<div class=\"elementor-post__text\">\n\t\t\t\t<h3 class=\"elementor-post__title\">\n\t\t\t<a href=\"https:\/\/ntbtreal.com\/en\/duan\/riverpark-residences-phu-my-hung-quan-7\/\" >\n\t\t\t\tRIVERPARK RESIDENCES \u2013 Ph\u00fa M\u1ef9 H\u01b0ng \u2013 Ho Chi Minh City\t\t\t<\/a>\n\t\t<\/h3>\n\t\t\t\t\t<a class=\"elementor-post__read-more\" href=\"https:\/\/ntbtreal.com\/en\/duan\/riverpark-residences-phu-my-hung-quan-7\/\" >\n\t\t\t\tSee more &quot;\t\t\t<\/a>\n\t\t\t\t<\/div>\n\t\t\t\t\t<\/div>\n\t\t<\/article>\n\t\t\t\t<article class=\"elementor-post elementor-grid-item post-43139 duan type-duan status-publish has-post-thumbnail hentry\">\n\t\t\t<div class=\"elementor-post__card\">\n\t\t\t\t<a class=\"elementor-post__thumbnail__link\" href=\"https:\/\/ntbtreal.com\/en\/duan\/midtown-m6-the-symphony-phu-my-hung-quan-7\/\" ><div class=\"elementor-post__thumbnail\"><img loading=\"lazy\" width=\"768\" height=\"432\" src=\"https:\/\/ntbtreal.com\/wp-content\/uploads\/2024\/06\/2020-10-17-768x432.jpg\" class=\"attachment-medium_large size-medium_large wp-image-45334\" alt=\"\" decoding=\"async\" srcset=\"https:\/\/ntbtreal.com\/wp-content\/uploads\/2024\/06\/2020-10-17-768x432.jpg 768w, https:\/\/ntbtreal.com\/wp-content\/uploads\/2024\/06\/2020-10-17-300x169.jpg 300w, https:\/\/ntbtreal.com\/wp-content\/uploads\/2024\/06\/2020-10-17-1024x576.jpg 1024w, https:\/\/ntbtreal.com\/wp-content\/uploads\/2024\/06\/2020-10-17-16x9.jpg 16w, https:\/\/ntbtreal.com\/wp-content\/uploads\/2024\/06\/2020-10-17-255x143.jpg 255w, https:\/\/ntbtreal.com\/wp-content\/uploads\/2024\/06\/2020-10-17-1110x623.jpg 1110w, https:\/\/ntbtreal.com\/wp-content\/uploads\/2024\/06\/2020-10-17.jpg 1179w\" sizes=\"(max-width: 768px) 100vw, 768px\" \/><\/div><\/a>\n\t\t\t\t<div class=\"elementor-post__text\">\n\t\t\t\t<h3 class=\"elementor-post__title\">\n\t\t\t<a href=\"https:\/\/ntbtreal.com\/en\/duan\/midtown-m6-the-symphony-phu-my-hung-quan-7\/\" >\n\t\t\t\tTHE SYMPHONY \u2013 M6 \u2013 MIDTOWN \u2013 PHU MY HUNG- Ho Chi Minh City\t\t\t<\/a>\n\t\t<\/h3>\n\t\t\t\t\t<a class=\"elementor-post__read-more\" href=\"https:\/\/ntbtreal.com\/en\/duan\/midtown-m6-the-symphony-phu-my-hung-quan-7\/\" >\n\t\t\t\tSee more &quot;\t\t\t<\/a>\n\t\t\t\t<\/div>\n\t\t\t\t\t<\/div>\n\t\t<\/article>\n\t\t\t\t<article class=\"elementor-post elementor-grid-item post-43125 duan type-duan status-publish has-post-thumbnail hentry\">\n\t\t\t<div class=\"elementor-post__card\">\n\t\t\t\t<a class=\"elementor-post__thumbnail__link\" href=\"https:\/\/ntbtreal.com\/en\/duan\/the-grande-m5-midtown-phu-my-hung-quan-7\/\" ><div class=\"elementor-post__thumbnail\"><img loading=\"lazy\" width=\"768\" height=\"548\" src=\"https:\/\/ntbtreal.com\/wp-content\/uploads\/2024\/06\/z6331501412154_ea65b1ae97ec3b97196694540aa0945c-768x548.jpg\" class=\"attachment-medium_large size-medium_large wp-image-45328\" alt=\"\" decoding=\"async\" srcset=\"https:\/\/ntbtreal.com\/wp-content\/uploads\/2024\/06\/z6331501412154_ea65b1ae97ec3b97196694540aa0945c-768x548.jpg 768w, https:\/\/ntbtreal.com\/wp-content\/uploads\/2024\/06\/z6331501412154_ea65b1ae97ec3b97196694540aa0945c-300x214.jpg 300w, https:\/\/ntbtreal.com\/wp-content\/uploads\/2024\/06\/z6331501412154_ea65b1ae97ec3b97196694540aa0945c-1024x731.jpg 1024w, https:\/\/ntbtreal.com\/wp-content\/uploads\/2024\/06\/z6331501412154_ea65b1ae97ec3b97196694540aa0945c-16x12.jpg 16w, https:\/\/ntbtreal.com\/wp-content\/uploads\/2024\/06\/z6331501412154_ea65b1ae97ec3b97196694540aa0945c.jpg 1284w\" sizes=\"(max-width: 768px) 100vw, 768px\" \/><\/div><\/a>\n\t\t\t\t<div class=\"elementor-post__text\">\n\t\t\t\t<h3 class=\"elementor-post__title\">\n\t\t\t<a href=\"https:\/\/ntbtreal.com\/en\/duan\/the-grande-m5-midtown-phu-my-hung-quan-7\/\" >\n\t\t\t\tTHE GRANDE \u2013 M5 MIDTOWN \u2013 PHU MY HUNG \u2013 Ho Chi Minh City\t\t\t<\/a>\n\t\t<\/h3>\n\t\t\t\t\t<a class=\"elementor-post__read-more\" href=\"https:\/\/ntbtreal.com\/en\/duan\/the-grande-m5-midtown-phu-my-hung-quan-7\/\" >\n\t\t\t\tSee more &quot;\t\t\t<\/a>\n\t\t\t\t<\/div>\n\t\t\t\t\t<\/div>\n\t\t<\/article>\n\t\t\t\t<\/div>\n\n\n\t\t\n\t\t\t\t<\/div>\n\t\t\t\t<\/div>\n\t\t\t\t\t<\/div>\n\t\t<\/div>\n\t\t\t\t\t<\/div>\n\t\t<\/section>\n\t\t\t\t<\/div>","protected":false},"excerpt":{"rendered":"I. TH\u00d4NG TIN D\u1ef0 \u00c1N N\u1eb1m trong khu ph\u1ee9c h\u1ee3p Midtown The Grande,t\u1ecda l\u1ea1c tr\u00ean \u0111\u01b0\u1eddng Nguy\u1ec5n L\u01b0\u01a1ng B\u1eb1ng, tr\u00ean khu \u0111\u1ea5t 5.540m2, cao 26 t\u1ea7ng v\u1edbi 309 c\u0103n h\u1ed9 di\u1ec7n t\u00edch t\u1eeb 69-249m2 v\u00e0 13 c\u1eeda h\u00e0ng. T\u1ea1i t\u1ea7ng 5 l\u00e0 khu ti\u1ec7n \u00edch g\u1ed3m h\u1ed3 b\u01a1i tr\u00e0n, ph\u00f2ng golf m\u00f4 ph\u1ecfng, sauna, massage, ph\u00f2ng ch\u01a1i cho tr\u1ebb\u2026v\u00e0 tr\u00ean t\u1ea7ng m\u00e1i t\u00f2a nh\u00e0","protected":false},"author":1,"featured_media":0,"parent":0,"menu_order":0,"comment_status":"closed","ping_status":"closed","template":"elementor_header_footer","meta":[],"acf":[],"yoast_head":"<!-- This site is optimized with the Yoast SEO Premium plugin v17.0 (Yoast SEO v17.0) - https:\/\/yoast.com\/wordpress\/plugins\/seo\/ -->\n<title>D\u1ef1 \u00c1n - NTBT REAL<\/title>\n<meta name=\"robots\" content=\"index, follow, max-snippet:-1, max-image-preview:large, max-video-preview:-1\" \/>\n<link rel=\"canonical\" href=\"https:\/\/ntbtreal.com\/en\/du-an-bds\/\" \/>\n<meta property=\"og:locale\" content=\"en_US\" \/>\n<meta property=\"og:type\" content=\"article\" \/>\n<meta property=\"og:title\" content=\"D\u1ef1 \u00c1n\" \/>\n<meta property=\"og:url\" content=\"https:\/\/ntbtreal.com\/en\/du-an-bds\/\" \/>\n<meta property=\"og:site_name\" content=\"NTBT REAL\" \/>\n<meta property=\"article:publisher\" content=\"https:\/\/www.facebook.com\/NTBTRealEstate\/\" \/>\n<meta property=\"article:modified_time\" content=\"2025-04-16T09:24:14+00:00\" \/>\n<meta name=\"twitter:card\" content=\"summary_large_image\" \/>\n<script type=\"application\/ld+json\" class=\"yoast-schema-graph\">{\"@context\":\"https:\/\/schema.org\",\"@graph\":[{\"@type\":\"Organization\",\"@id\":\"https:\/\/ntbtreal.com\/#organization\",\"name\":\"NTBT REAL ESTATE\",\"url\":\"https:\/\/ntbtreal.com\/\",\"sameAs\":[\"https:\/\/www.facebook.com\/NTBTRealEstate\/\"],\"logo\":{\"@type\":\"ImageObject\",\"@id\":\"https:\/\/ntbtreal.com\/#logo\",\"inLanguage\":\"en-US\",\"url\":\"https:\/\/ntbtreal.com\/wp-content\/uploads\/2022\/08\/z3655582374904_3a9fa18004a815dc191e0fd6c766c5e5-1.jpg\",\"contentUrl\":\"https:\/\/ntbtreal.com\/wp-content\/uploads\/2022\/08\/z3655582374904_3a9fa18004a815dc191e0fd6c766c5e5-1.jpg\",\"width\":412,\"height\":220,\"caption\":\"NTBT REAL ESTATE\"},\"image\":{\"@id\":\"https:\/\/ntbtreal.com\/#logo\"}},{\"@type\":\"WebSite\",\"@id\":\"https:\/\/ntbtreal.com\/#website\",\"url\":\"https:\/\/ntbtreal.com\/\",\"name\":\"NTBT REAL\",\"description\":\"\",\"publisher\":{\"@id\":\"https:\/\/ntbtreal.com\/#organization\"},\"potentialAction\":[{\"@type\":\"SearchAction\",\"target\":{\"@type\":\"EntryPoint\",\"urlTemplate\":\"https:\/\/ntbtreal.com\/?s={search_term_string}\"},\"query-input\":\"required name=search_term_string\"}],\"inLanguage\":\"en-US\"},{\"@type\":\"WebPage\",\"@id\":\"https:\/\/ntbtreal.com\/du-an-bds\/#webpage\",\"url\":\"https:\/\/ntbtreal.com\/du-an-bds\/\",\"name\":\"D\\u1ef1 \\u00c1n - NTBT REAL\",\"isPartOf\":{\"@id\":\"https:\/\/ntbtreal.com\/#website\"},\"datePublished\":\"2025-04-16T09:03:16+00:00\",\"dateModified\":\"2025-04-16T09:24:14+00:00\",\"breadcrumb\":{\"@id\":\"https:\/\/ntbtreal.com\/du-an-bds\/#breadcrumb\"},\"inLanguage\":\"en-US\",\"potentialAction\":[{\"@type\":\"ReadAction\",\"target\":[\"https:\/\/ntbtreal.com\/du-an-bds\/\"]}]},{\"@type\":\"BreadcrumbList\",\"@id\":\"https:\/\/ntbtreal.com\/du-an-bds\/#breadcrumb\",\"itemListElement\":[{\"@type\":\"ListItem\",\"position\":1,\"name\":\"Home\",\"item\":\"https:\/\/ntbtreal.com\/\"},{\"@type\":\"ListItem\",\"position\":2,\"name\":\"D\\u1ef1 \\u00c1n\"}]}]}<\/script>\n<!-- \/ Yoast SEO Premium plugin. -->","yoast_head_json":{"title":"D\u1ef1 \u00c1n - NTBT REAL","robots":{"index":"index","follow":"follow","max-snippet":"max-snippet:-1","max-image-preview":"max-image-preview:large","max-video-preview":"max-video-preview:-1"},"canonical":"https:\/\/ntbtreal.com\/en\/du-an-bds\/","og_locale":"en_US","og_type":"article","og_title":"D\u1ef1 \u00c1n","og_url":"https:\/\/ntbtreal.com\/en\/du-an-bds\/","og_site_name":"NTBT REAL","article_publisher":"https:\/\/www.facebook.com\/NTBTRealEstate\/","article_modified_time":"2025-04-16T09:24:14+00:00","twitter_card":"summary_large_image","schema":{"@context":"https:\/\/schema.org","@graph":[{"@type":"Organization","@id":"https:\/\/ntbtreal.com\/#organization","name":"NTBT REAL ESTATE","url":"https:\/\/ntbtreal.com\/","sameAs":["https:\/\/www.facebook.com\/NTBTRealEstate\/"],"logo":{"@type":"ImageObject","@id":"https:\/\/ntbtreal.com\/#logo","inLanguage":"en-US","url":"https:\/\/ntbtreal.com\/wp-content\/uploads\/2022\/08\/z3655582374904_3a9fa18004a815dc191e0fd6c766c5e5-1.jpg","contentUrl":"https:\/\/ntbtreal.com\/wp-content\/uploads\/2022\/08\/z3655582374904_3a9fa18004a815dc191e0fd6c766c5e5-1.jpg","width":412,"height":220,"caption":"NTBT REAL ESTATE"},"image":{"@id":"https:\/\/ntbtreal.com\/#logo"}},{"@type":"WebSite","@id":"https:\/\/ntbtreal.com\/#website","url":"https:\/\/ntbtreal.com\/","name":"NTBT REAL","description":"","publisher":{"@id":"https:\/\/ntbtreal.com\/#organization"},"potentialAction":[{"@type":"SearchAction","target":{"@type":"EntryPoint","urlTemplate":"https:\/\/ntbtreal.com\/?s={search_term_string}"},"query-input":"required name=search_term_string"}],"inLanguage":"en-US"},{"@type":"WebPage","@id":"https:\/\/ntbtreal.com\/du-an-bds\/#webpage","url":"https:\/\/ntbtreal.com\/du-an-bds\/","name":"D\u1ef1 \u00c1n - NTBT REAL","isPartOf":{"@id":"https:\/\/ntbtreal.com\/#website"},"datePublished":"2025-04-16T09:03:16+00:00","dateModified":"2025-04-16T09:24:14+00:00","breadcrumb":{"@id":"https:\/\/ntbtreal.com\/du-an-bds\/#breadcrumb"},"inLanguage":"en-US","potentialAction":[{"@type":"ReadAction","target":["https:\/\/ntbtreal.com\/du-an-bds\/"]}]},{"@type":"BreadcrumbList","@id":"https:\/\/ntbtreal.com\/du-an-bds\/#breadcrumb","itemListElement":[{"@type":"ListItem","position":1,"name":"Home","item":"https:\/\/ntbtreal.com\/"},{"@type":"ListItem","position":2,"name":"D\u1ef1 \u00c1n"}]}]}},"_links":{"self":[{"href":"https:\/\/ntbtreal.com\/en\/wp-json\/wp\/v2\/pages\/46066"}],"collection":[{"href":"https:\/\/ntbtreal.com\/en\/wp-json\/wp\/v2\/pages"}],"about":[{"href":"https:\/\/ntbtreal.com\/en\/wp-json\/wp\/v2\/types\/page"}],"author":[{"embeddable":true,"href":"https:\/\/ntbtreal.com\/en\/wp-json\/wp\/v2\/users\/1"}],"replies":[{"embeddable":true,"href":"https:\/\/ntbtreal.com\/en\/wp-json\/wp\/v2\/comments?post=46066"}],"version-history":[{"count":22,"href":"https:\/\/ntbtreal.com\/en\/wp-json\/wp\/v2\/pages\/46066\/revisions"}],"predecessor-version":[{"id":46094,"href":"https:\/\/ntbtreal.com\/en\/wp-json\/wp\/v2\/pages\/46066\/revisions\/46094"}],"wp:attachment":[{"href":"https:\/\/ntbtreal.com\/en\/wp-json\/wp\/v2\/media?parent=46066"}],"curies":[{"name":"wp","href":"https:\/\/api.w.org\/{rel}","templated":true}]}}