{"id":29387,"date":"2022-01-11T06:53:38","date_gmt":"2022-01-11T06:53:38","guid":{"rendered":"http:\/\/ntbtreal.123websitedev.com\/?page_id=29387"},"modified":"2022-01-20T16:49:47","modified_gmt":"2022-01-20T09:49:47","slug":"gioi-thieu","status":"publish","type":"page","link":"https:\/\/ntbtreal.com\/ko\/gioi-thieu\/","title":{"rendered":"\uc815\ubcf4"},"content":{"rendered":"<div data-elementor-type=\"wp-page\" data-elementor-id=\"29387\" class=\"elementor elementor-29387\">\n\t\t\t\t\t\t<section class=\"elementor-section elementor-top-section elementor-element elementor-element-24e052d elementor-section-boxed elementor-section-height-default elementor-section-height-default\" data-id=\"24e052d\" data-element_type=\"section\">\n\t\t\t\t\t\t<div class=\"elementor-container elementor-column-gap-default\">\n\t\t\t\t\t<div class=\"elementor-column elementor-col-100 elementor-top-column elementor-element elementor-element-def7520\" data-id=\"def7520\" data-element_type=\"column\">\n\t\t\t<div class=\"elementor-widget-wrap elementor-element-populated\">\n\t\t\t\t\t\t<div class=\"elementor-element elementor-element-174fefd elementor-widget elementor-widget-heading\" data-id=\"174fefd\" data-element_type=\"widget\" data-widget_type=\"heading.default\">\n\t\t\t\t<div class=\"elementor-widget-container\">\n\t\t\t<style>\/*! elementor - v3.22.0 - 24-06-2024 *\/\n.elementor-heading-title{padding:0;margin:0;line-height:1}.elementor-widget-heading .elementor-heading-title[class*=elementor-size-]>a{color:inherit;font-size:inherit;line-height:inherit}.elementor-widget-heading .elementor-heading-title.elementor-size-small{font-size:15px}.elementor-widget-heading .elementor-heading-title.elementor-size-medium{font-size:19px}.elementor-widget-heading .elementor-heading-title.elementor-size-large{font-size:29px}.elementor-widget-heading .elementor-heading-title.elementor-size-xl{font-size:39px}.elementor-widget-heading .elementor-heading-title.elementor-size-xxl{font-size:59px}<\/style><h2 class=\"elementor-heading-title elementor-size-default\">NTBT \uc18c\uac1c \ubd80\ub3d9\uc0b0(\uc8fc)<\/h2>\t\t<\/div>\n\t\t\t\t<\/div>\n\t\t\t\t<div class=\"elementor-element elementor-element-d103215 elementor-widget elementor-widget-text-editor\" data-id=\"d103215\" data-element_type=\"widget\" data-widget_type=\"text-editor.default\">\n\t\t\t\t<div class=\"elementor-widget-container\">\n\t\t\t<style>\/*! elementor - v3.22.0 - 24-06-2024 *\/\n.elementor-widget-text-editor.elementor-drop-cap-view-stacked .elementor-drop-cap{background-color:#69727d;color:#fff}.elementor-widget-text-editor.elementor-drop-cap-view-framed .elementor-drop-cap{color:#69727d;border:3px solid;background-color:transparent}.elementor-widget-text-editor:not(.elementor-drop-cap-view-default) .elementor-drop-cap{margin-top:8px}.elementor-widget-text-editor:not(.elementor-drop-cap-view-default) .elementor-drop-cap-letter{width:1em;height:1em}.elementor-widget-text-editor .elementor-drop-cap{float:left;text-align:center;line-height:1;font-size:50px}.elementor-widget-text-editor .elementor-drop-cap-letter{display:inline-block}<\/style>\t\t\t\t<p>\uba3c\uc800 (\uc8fc)\uc5d4\ud2f0\ube44\ud2f0\ubd80\ub3d9\uc0b0\uc740 \uace0\uac1d\ub2d8\uacfc \ud611\ub825\uc0ac \uadf8\ub9ac\uace0 \ud68c\uc0ac\uc758 \ubaa8\ub4e0 \uad6c\uc131\uc6d0\ub4e4\uc5d0\uac8c \uc548\ubd80\uc640 \uac74\uac15\uacfc \uac74\uc2b9\uc744 \uae30\uc6d0\ud569\ub2c8\ub2e4.<\/p><p><strong>\uc124\ub9bd \ubc0f \uac1c\ubc1c:<\/strong><\/p><p>(\uc8fc)\uc5d4\ube44\ud2f0\ubd80\ub3d9\uc0b0\uc740 2016\ub144 \uad6d\ub0b4\uc678 \ubd80\ub3d9\uc0b0 \uc804\ubb38\uac00\ub4e4\uc5d0 \uc758\ud574 \uc124\ub9bd\ub418\uc5c8\uc2b5\ub2c8\ub2e4. \ubd80\ub3d9\uc0b0 \uc911\uac1c \ubc0f \ucee8\uc124\ud305 \uc11c\ube44\uc2a4\ub85c \uc131\uacf5\uc801\uc73c\ub85c \uc2dc\uc791\ud55c NTBT\ub294 \uc774\uc81c \ub300\uaddc\ubaa8 \ubd80\ub3d9\uc0b0 \ud504\ub85c\uc81d\ud2b8\uc758 \ud22c\uc790 \ubc0f \uad00\ub9ac \ubd84\uc57c\ub85c \uc131\uc7a5\ud558\uace0 \ud655\uc7a5\ub418\uc5c8\uc2b5\ub2c8\ub2e4. \uc218\ub144 \ub3d9\uc548 NTBT\ub294 \ubca0\ud2b8\ub0a8 \ubd80\ub3d9\uc0b0 \uc2dc\uc7a5\uc5d0\uc11c \uace0\uac1d\uc5d0\uac8c \ucd5c\uace0\uc758 \uc81c\ud488\uacfc \uc11c\ube44\uc2a4\ub97c \uc81c\uacf5\ud588\uc2b5\ub2c8\ub2e4.<\/p><p>\ud604\uc7ac NTBT\ub294 7\uad70\uc5d0 1\uac1c\uc758 \ubcf8\uc0ac\uc640 1\uac1c\uc758 \uc9c0\uc810\uc744 \ub450\uace0 \uc788\uc73c\uba70, \uac00\uae4c\uc6b4 \uc2dc\uc77c \ub0b4\uc5d0 2\uad70\uacfc 9\uad70\uc5d0 \ub354 \ub9ce\uc740 \uc9c0\uc810\uc744 \uc5f4 \uc608\uc815\uc774\uba70, \ud5a5\ud6c4 \uc804\uad6d\uc801\uc73c\ub85c \uc6b4\uc601 \uaddc\ubaa8\ub97c \ud655\ub300\ud558\uc5ec \ud589\ubcf5\ud558\uace0 \ud48d\uc694\ub85c\uc6b4 \uc0b6\uc5d0 \uae30\uc5ec\ud558\uaca0\uc2b5\ub2c8\ub2e4.<\/p><p><strong>\uc7a5\uae30 \ube44\uc804:<\/strong><\/p><p>\uc120\ub3c4\uc801 \uc5f4\ub9dd\uacfc \uc9c0\uc18d \uac00\ub2a5\ud55c \ubc1c\uc804 \uc804\ub7b5\uc744 \ubc14\ud0d5\uc73c\ub85c NTBT\ub294 \ubca0\ud2b8\ub0a8 \uc0c1\uc704 10\ub300 \ubd80\ub3d9\uc0b0 \ud22c\uc790\u00b7\uc0ac\uc5c5\u00b7\uc11c\ube44\uc2a4 \uae30\uc5c5\uc73c\ub85c \ub3c4\uc57d\ud558\uace0, \uace0\uac1d\uc5d0\uac8c \uc2e4\uc9c8\uc801 \uac00\uce58\ub97c \uc9c0\ub2cc \uc0c1\ud488\uc744 \uc81c\uacf5\ud558\uba70, \uc0c8\ub85c\uc6b4 \ubaa8\uc2b5\uacfc \uc704\uc0c1\uc744 \ud1b5\ud574 \uc8fc\uac70\uc758 \uafc8\uc744 \uc2e4\ud604\ud574 \ub4dc\ub9ac\ub294 \uac83\uc744 \ubaa9\ud45c\ub85c \ud558\uace0 \uc788\uc2b5\ub2c8\ub2e4.<\/p><p><strong>\uc0ac\uba85:<\/strong><\/p><p><em>\uace0\uac1d\uc6a9<\/em>: \uc885\ud569\uc801\uc774\uace0 \ud569\ub9ac\uc801\uc778 \ubd80\ub3d9\uc0b0 \uc194\ub8e8\uc158\uacfc \uc11c\ube44\uc2a4\ub97c \uc81c\uacf5\ud558\uc5ec \uace0\uac1d\uc758 \uc2dc\uac04\uacfc \ube44\uc6a9\uc744 \uc808\uc57d\ud558\uace0 \uace0\uac1d\uc758 \ub354 \ub098\uc740 \uc0b6\uc744 \ucc3d\uc870\ud558\ub294\ub370 \uae30\uc5ec\ud569\ub2c8\ub2e4.<\/p><p><em>\uc9c1\uc6d0\uc6a9<\/em>: \ud604\ub300\uc801\uc774\uace0 \ub2a5\ub3d9\uc801\uc778 \uc791\uc5c5 \ud658\uacbd\uc744 \uad6c\ucd95\ud558\uace0 \uc774\ub2c8\uc154\ud2f0\ube0c\ub97c \uc7a5\ub824\ud558\uace0 \uc9c1\uc6d0\uc774 \uc7a0\uc7ac\ub825\uc744 \ucd5c\ub300\ud55c \ubc1c\ud718\ud560 \uc218 \uc788\ub3c4\ub85d \ubaa8\ub4e0 \uc2e0\uccb4\uc801, \uc815\uc2e0\uc801 \uc870\uac74\uc744 \uc870\uc131\ud569\ub2c8\ub2e4.<\/p><p><em>\uc0ac\ud68c\ub97c \uc704\ud574<\/em>: \uae30\uc5c5\uc758 \uc774\uc775\uacfc \uc0ac\ud68c\uc758 \uc774\uc775\uc744 \uc870\ud654\uc2dc\ud0a4\uace0, \uc9c0\uc5ed\uc0ac\ud68c \uc911\uc2ec\uc758 \ud65c\ub3d9\uc5d0 \uc801\uadf9\uc801\uc73c\ub85c \uae30\uc5ec\ud558\uba70, \uc0ac\ud68c\uc5d0 \ub300\ud55c \uc2dc\ubbfc\uc801 \ucc45\uc784\uc758 \uc815\uc2e0\uc744 \ubcf4\uc5ec\uc90d\ub2c8\ub2e4.<\/p><p><strong>\ud575\uc2ec \uac00\uce58:<\/strong><\/p><p>\uc2e0\ub8b0: \uc724\ub9ac\uc801 \uae30\uc900\uc744 \uc874\uc911\ud558\uace0, \uc2e0\ub8b0\ub97c \uc720\uc9c0\ud558\uace0, \uad00\uacc4\uc5d0 \ub300\ud55c \uc2e0\ub8b0\ub97c \uad6c\ucd95\ud558\uace0, \ub2f9\uc0ac\uc790\uc758 \uc774\uc775\uc744 \uc870\ud654\uc2dc\ud0a4\ub294 \uac83\uc744 \uae30\ubc18\uc73c\ub85c \uace0\uac1d \ubc0f \ud30c\ud2b8\ub108\ub97c \uc0c1\ub300\ud558\uae30 \uc704\ud55c \uc57d\uc18d\uc785\ub2c8\ub2e4. NTBT\ub294 &quot;\uc9c4\uc2e4\uc744 \ub9d0\ud558\ub77c - \uc9c4\uc2e4\uc744 \ud589\ud558\ub77c&quot;\ub294 \uc2ac\ub85c\uac74\uc744 \ub0b4\uac78\uace0 \uc788\uc5b4 \uad6d\ub0b4\uc678 \ud30c\ud2b8\ub108\uc640 \uace0\uac1d\ub4e4\ub85c\ubd80\ud130 \ub9ce\uc740 \uc9c0\uc9c0\uc640 \uc2e0\ub8b0\ub97c \ubc1b\uace0 \uc788\ub2e4.<\/p><p>Tam: \uacbd\uc7c1\uc774 \uce58\uc5f4\ud55c \ubd80\ub3d9\uc0b0 \uc2dc\uc7a5\uc5d0 \uc9c4\uc785\ud55c NTBT\ub294 \ud56d\uc0c1 TAM\uc774\ub77c\ub294 \ub2e8\uc5b4\ub97c \uc0ac\uc5c5\uc758 \uadfc\uac04\uc73c\ub85c \uc0bc\uace0 \uc788\uc2b5\ub2c8\ub2e4. \uc6b0\ub9ac\ub294 \ubc95\uc744 \uc5c4\uaca9\ud788 \uc900\uc218\ud558\uace0 \ubaa8\ub4e0 \uc0c1\ud669\uc5d0\uc11c \uc9c1\uc5c5 \uc724\ub9ac\uc640 \uc0ac\ud68c \uc724\ub9ac\ub97c \uc720\uc9c0\ud569\ub2c8\ub2e4.<\/p><p>\uc778\uac04: \uc6b0\ub9ac\ub294 &quot;\uba3c\uc800 \uc8fc\uace0 \ub098\uc911\uc5d0 \ubc1b\ub294\ub2e4&quot;\ub294 \uc815\uc2e0\uc73c\ub85c \uad00\uacc4\ub97c \uad6c\ucd95\ud569\ub2c8\ub2e4. \uc9c1\uc6d0\uc744 \uac00\uc7a5 \uc18c\uc911\ud55c \uc790\uc0b0\uc73c\ub85c \uc874\uc911\ud569\ub2c8\ub2e4. \uacf5\uc815\uc131, \uc131\uc2e4\uc131 \ubc0f \uc5f0\ub300\uc758 \ud798\uc744 \uae30\ubc18\uc73c\ub85c &quot;\uc778\uac04 \ud3c9\ud654&quot;\ub97c \uad6c\ucd95\ud569\ub2c8\ub2e4.<\/p><p><strong>\ube44\uc988\ub2c8\uc2a4 \ucca0\ud559:<\/strong><\/p><p>NTBT\ub294 &quot;Nothing Better Than&quot;\uc758 \uac1c\ub150\uc73c\ub85c \uc81c\ud488\uacfc \uc11c\ube44\uc2a4\ub97c \ud1b5\ud574 \uace0\uac1d\uc5d0\uac8c \uac00\uce58\ub97c \uc81c\uacf5\ud558\uace0 \uc9c0\uc5ed \uc0ac\ud68c, \uc0ac\ud68c \ubc0f \uacbd\uc81c\uc5d0 \uae30\uc5ec\ud574\uc57c \ud558\ub294 \uc0ac\ub78c\uc758 \ube44\uc988\ub2c8\uc2a4 \ucca0\ud559\uc744 \ubaa9\ud45c\ub85c \ud569\ub2c8\ub2e4.<\/p>\t\t\t\t\t\t<\/div>\n\t\t\t\t<\/div>\n\t\t\t\t\t<\/div>\n\t\t<\/div>\n\t\t\t\t\t<\/div>\n\t\t<\/section>\n\t\t\t\t<\/div>","protected":false},"excerpt":{"rendered":"<p>GI\u1edaI THI\u1ec6U V\u1ec0 C\u00d4NG TY TNHH B\u1ea4T \u0110\u1ed8NG S\u1ea2N NTBT L\u1eddi \u0111\u1ea7u ti\u00ean, C\u00f4ng ty TNHH B\u1ea5t \u0111\u1ed9ng s\u1ea3n NTBT xin g\u1edfi l\u1eddi ch\u00e0o, l\u1eddi ch\u00fac s\u1ee9c kh\u1ecfe v\u00e0 th\u00e0nh c\u00f4ng \u0111\u1ebfn Qu\u00fd kh\u00e1ch h\u00e0ng, Qu\u00fd \u0111\u1ed1i t\u00e1c v\u00e0 to\u00e0n th\u1ec3 c\u00e1c th\u00e0nh vi\u00ean c\u1ee7a c\u00f4ng ty. S\u1ef1 th\u00e0nh l\u1eadp v\u00e0 ph\u00e1t tri\u1ec3n: C\u00f4ng ty TNHH B\u1ea5t \u0110\u1ed9ng S\u1ea3n NTBT \u0111\u01b0\u1ee3c th\u00e0nh l\u1eadp v\u00e0o &#8230;<\/p>","protected":false},"author":1,"featured_media":0,"parent":0,"menu_order":0,"comment_status":"closed","ping_status":"closed","template":"","meta":[],"acf":[],"yoast_head":"<!-- This site is optimized with the Yoast SEO Premium plugin v17.0 (Yoast SEO v17.0) - https:\/\/yoast.com\/wordpress\/plugins\/seo\/ -->\n<title>Gi\u1edbi thi\u1ec7u - NTBT REAL<\/title>\n<meta name=\"robots\" content=\"index, follow, max-snippet:-1, max-image-preview:large, max-video-preview:-1\" \/>\n<link rel=\"canonical\" href=\"https:\/\/ntbtreal.com\/ko\/gioi-thieu\/\" \/>\n<meta property=\"og:locale\" content=\"ko_KR\" \/>\n<meta property=\"og:type\" content=\"article\" \/>\n<meta property=\"og:title\" content=\"Gi\u1edbi thi\u1ec7u\" \/>\n<meta property=\"og:description\" content=\"GI\u1edaI THI\u1ec6U V\u1ec0 C\u00d4NG TY TNHH B\u1ea4T \u0110\u1ed8NG S\u1ea2N NTBT L\u1eddi \u0111\u1ea7u ti\u00ean, C\u00f4ng ty TNHH B\u1ea5t \u0111\u1ed9ng s\u1ea3n NTBT xin g\u1edfi l\u1eddi ch\u00e0o, l\u1eddi ch\u00fac s\u1ee9c kh\u1ecfe v\u00e0 th\u00e0nh c\u00f4ng \u0111\u1ebfn Qu\u00fd kh\u00e1ch h\u00e0ng, Qu\u00fd \u0111\u1ed1i t\u00e1c v\u00e0 to\u00e0n th\u1ec3 c\u00e1c th\u00e0nh vi\u00ean c\u1ee7a c\u00f4ng ty. S\u1ef1 th\u00e0nh l\u1eadp v\u00e0 ph\u00e1t tri\u1ec3n: C\u00f4ng ty TNHH B\u1ea5t \u0110\u1ed9ng S\u1ea3n NTBT \u0111\u01b0\u1ee3c th\u00e0nh l\u1eadp v\u00e0o ...\" \/>\n<meta property=\"og:url\" content=\"https:\/\/ntbtreal.com\/ko\/gioi-thieu\/\" \/>\n<meta property=\"og:site_name\" content=\"NTBT REAL\" \/>\n<meta property=\"article:publisher\" content=\"https:\/\/www.facebook.com\/NTBTRealEstate\/\" \/>\n<meta property=\"article:modified_time\" content=\"2022-01-20T09:49:47+00:00\" \/>\n<meta name=\"twitter:card\" content=\"summary_large_image\" \/>\n<meta name=\"twitter:label1\" content=\"Est. reading time\" \/>\n\t<meta name=\"twitter:data1\" content=\"5\ubd84\" \/>\n<script type=\"application\/ld+json\" class=\"yoast-schema-graph\">{\"@context\":\"https:\/\/schema.org\",\"@graph\":[{\"@type\":\"Organization\",\"@id\":\"https:\/\/ntbtreal.com\/#organization\",\"name\":\"NTBT REAL ESTATE\",\"url\":\"https:\/\/ntbtreal.com\/\",\"sameAs\":[\"https:\/\/www.facebook.com\/NTBTRealEstate\/\"],\"logo\":{\"@type\":\"ImageObject\",\"@id\":\"https:\/\/ntbtreal.com\/#logo\",\"inLanguage\":\"ko-KR\",\"url\":\"https:\/\/ntbtreal.com\/wp-content\/uploads\/2022\/08\/z3655582374904_3a9fa18004a815dc191e0fd6c766c5e5-1.jpg\",\"contentUrl\":\"https:\/\/ntbtreal.com\/wp-content\/uploads\/2022\/08\/z3655582374904_3a9fa18004a815dc191e0fd6c766c5e5-1.jpg\",\"width\":412,\"height\":220,\"caption\":\"NTBT REAL ESTATE\"},\"image\":{\"@id\":\"https:\/\/ntbtreal.com\/#logo\"}},{\"@type\":\"WebSite\",\"@id\":\"https:\/\/ntbtreal.com\/#website\",\"url\":\"https:\/\/ntbtreal.com\/\",\"name\":\"NTBT REAL\",\"description\":\"\",\"publisher\":{\"@id\":\"https:\/\/ntbtreal.com\/#organization\"},\"potentialAction\":[{\"@type\":\"SearchAction\",\"target\":{\"@type\":\"EntryPoint\",\"urlTemplate\":\"https:\/\/ntbtreal.com\/?s={search_term_string}\"},\"query-input\":\"required name=search_term_string\"}],\"inLanguage\":\"ko-KR\"},{\"@type\":\"WebPage\",\"@id\":\"https:\/\/ntbtreal.com\/gioi-thieu\/#webpage\",\"url\":\"https:\/\/ntbtreal.com\/gioi-thieu\/\",\"name\":\"Gi\\u1edbi thi\\u1ec7u - NTBT REAL\",\"isPartOf\":{\"@id\":\"https:\/\/ntbtreal.com\/#website\"},\"datePublished\":\"2022-01-11T06:53:38+00:00\",\"dateModified\":\"2022-01-20T09:49:47+00:00\",\"breadcrumb\":{\"@id\":\"https:\/\/ntbtreal.com\/gioi-thieu\/#breadcrumb\"},\"inLanguage\":\"ko-KR\",\"potentialAction\":[{\"@type\":\"ReadAction\",\"target\":[\"https:\/\/ntbtreal.com\/gioi-thieu\/\"]}]},{\"@type\":\"BreadcrumbList\",\"@id\":\"https:\/\/ntbtreal.com\/gioi-thieu\/#breadcrumb\",\"itemListElement\":[{\"@type\":\"ListItem\",\"position\":1,\"name\":\"Home\",\"item\":\"https:\/\/ntbtreal.com\/\"},{\"@type\":\"ListItem\",\"position\":2,\"name\":\"Gi\\u1edbi thi\\u1ec7u\"}]}]}<\/script>\n<!-- \/ Yoast SEO Premium plugin. -->","yoast_head_json":{"title":"Gi\u1edbi thi\u1ec7u - NTBT REAL","robots":{"index":"index","follow":"follow","max-snippet":"max-snippet:-1","max-image-preview":"max-image-preview:large","max-video-preview":"max-video-preview:-1"},"canonical":"https:\/\/ntbtreal.com\/ko\/gioi-thieu\/","og_locale":"ko_KR","og_type":"article","og_title":"Gi\u1edbi thi\u1ec7u","og_description":"GI\u1edaI THI\u1ec6U V\u1ec0 C\u00d4NG TY TNHH B\u1ea4T \u0110\u1ed8NG S\u1ea2N NTBT L\u1eddi \u0111\u1ea7u ti\u00ean, C\u00f4ng ty TNHH B\u1ea5t \u0111\u1ed9ng s\u1ea3n NTBT xin g\u1edfi l\u1eddi ch\u00e0o, l\u1eddi ch\u00fac s\u1ee9c kh\u1ecfe v\u00e0 th\u00e0nh c\u00f4ng \u0111\u1ebfn Qu\u00fd kh\u00e1ch h\u00e0ng, Qu\u00fd \u0111\u1ed1i t\u00e1c v\u00e0 to\u00e0n th\u1ec3 c\u00e1c th\u00e0nh vi\u00ean c\u1ee7a c\u00f4ng ty. S\u1ef1 th\u00e0nh l\u1eadp v\u00e0 ph\u00e1t tri\u1ec3n: C\u00f4ng ty TNHH B\u1ea5t \u0110\u1ed9ng S\u1ea3n NTBT \u0111\u01b0\u1ee3c th\u00e0nh l\u1eadp v\u00e0o ...","og_url":"https:\/\/ntbtreal.com\/ko\/gioi-thieu\/","og_site_name":"NTBT REAL","article_publisher":"https:\/\/www.facebook.com\/NTBTRealEstate\/","article_modified_time":"2022-01-20T09:49:47+00:00","twitter_card":"summary_large_image","twitter_misc":{"Est. reading time":"5\ubd84"},"schema":{"@context":"https:\/\/schema.org","@graph":[{"@type":"Organization","@id":"https:\/\/ntbtreal.com\/#organization","name":"NTBT REAL ESTATE","url":"https:\/\/ntbtreal.com\/","sameAs":["https:\/\/www.facebook.com\/NTBTRealEstate\/"],"logo":{"@type":"ImageObject","@id":"https:\/\/ntbtreal.com\/#logo","inLanguage":"ko-KR","url":"https:\/\/ntbtreal.com\/wp-content\/uploads\/2022\/08\/z3655582374904_3a9fa18004a815dc191e0fd6c766c5e5-1.jpg","contentUrl":"https:\/\/ntbtreal.com\/wp-content\/uploads\/2022\/08\/z3655582374904_3a9fa18004a815dc191e0fd6c766c5e5-1.jpg","width":412,"height":220,"caption":"NTBT REAL ESTATE"},"image":{"@id":"https:\/\/ntbtreal.com\/#logo"}},{"@type":"WebSite","@id":"https:\/\/ntbtreal.com\/#website","url":"https:\/\/ntbtreal.com\/","name":"NTBT REAL","description":"","publisher":{"@id":"https:\/\/ntbtreal.com\/#organization"},"potentialAction":[{"@type":"SearchAction","target":{"@type":"EntryPoint","urlTemplate":"https:\/\/ntbtreal.com\/?s={search_term_string}"},"query-input":"required name=search_term_string"}],"inLanguage":"ko-KR"},{"@type":"WebPage","@id":"https:\/\/ntbtreal.com\/gioi-thieu\/#webpage","url":"https:\/\/ntbtreal.com\/gioi-thieu\/","name":"Gi\u1edbi thi\u1ec7u - NTBT REAL","isPartOf":{"@id":"https:\/\/ntbtreal.com\/#website"},"datePublished":"2022-01-11T06:53:38+00:00","dateModified":"2022-01-20T09:49:47+00:00","breadcrumb":{"@id":"https:\/\/ntbtreal.com\/gioi-thieu\/#breadcrumb"},"inLanguage":"ko-KR","potentialAction":[{"@type":"ReadAction","target":["https:\/\/ntbtreal.com\/gioi-thieu\/"]}]},{"@type":"BreadcrumbList","@id":"https:\/\/ntbtreal.com\/gioi-thieu\/#breadcrumb","itemListElement":[{"@type":"ListItem","position":1,"name":"Home","item":"https:\/\/ntbtreal.com\/"},{"@type":"ListItem","position":2,"name":"Gi\u1edbi thi\u1ec7u"}]}]}},"_links":{"self":[{"href":"https:\/\/ntbtreal.com\/ko\/wp-json\/wp\/v2\/pages\/29387"}],"collection":[{"href":"https:\/\/ntbtreal.com\/ko\/wp-json\/wp\/v2\/pages"}],"about":[{"href":"https:\/\/ntbtreal.com\/ko\/wp-json\/wp\/v2\/types\/page"}],"author":[{"embeddable":true,"href":"https:\/\/ntbtreal.com\/ko\/wp-json\/wp\/v2\/users\/1"}],"replies":[{"embeddable":true,"href":"https:\/\/ntbtreal.com\/ko\/wp-json\/wp\/v2\/comments?post=29387"}],"version-history":[{"count":0,"href":"https:\/\/ntbtreal.com\/ko\/wp-json\/wp\/v2\/pages\/29387\/revisions"}],"wp:attachment":[{"href":"https:\/\/ntbtreal.com\/ko\/wp-json\/wp\/v2\/media?parent=29387"}],"curies":[{"name":"wp","href":"https:\/\/api.w.org\/{rel}","templated":true}]}}