{"id":29394,"date":"2022-01-11T07:06:13","date_gmt":"2022-01-11T07:06:13","guid":{"rendered":"http:\/\/ntbtreal.123websitedev.com\/?page_id=29394"},"modified":"2025-08-21T09:25:03","modified_gmt":"2025-08-21T02:25:03","slug":"https-vnexpress-net-nhung-toa-nha-choc-troi-o-ba-mien-dat-nuoc-4929435-htmltin-tuc","status":"publish","type":"page","link":"https:\/\/ntbtreal.com\/ko\/https-vnexpress-net-nhung-toa-nha-choc-troi-o-ba-mien-dat-nuoc-4929435-htmltin-tuc\/","title":{"rendered":"\uc18c\uc2dd"},"content":{"rendered":"<div data-elementor-type=\"wp-page\" data-elementor-id=\"29394\" class=\"elementor elementor-29394\">\n\t\t\t\t\t\t<section class=\"elementor-section elementor-top-section elementor-element elementor-element-e01d46b elementor-section-boxed elementor-section-height-default elementor-section-height-default\" data-id=\"e01d46b\" data-element_type=\"section\">\n\t\t\t\t\t\t<div class=\"elementor-container elementor-column-gap-default\">\n\t\t\t\t\t<div class=\"elementor-column elementor-col-100 elementor-top-column elementor-element elementor-element-4e9f907\" data-id=\"4e9f907\" data-element_type=\"column\">\n\t\t\t<div class=\"elementor-widget-wrap elementor-element-populated\">\n\t\t\t\t\t\t<div class=\"elementor-element elementor-element-413339d elementor-grid-3 elementor-grid-tablet-2 elementor-grid-mobile-1 elementor-posts--thumbnail-top elementor-widget elementor-widget-posts\" data-id=\"413339d\" data-element_type=\"widget\" data-settings=\"{&quot;pagination_type&quot;:&quot;numbers_and_prev_next&quot;,&quot;classic_columns&quot;:&quot;3&quot;,&quot;classic_columns_tablet&quot;:&quot;2&quot;,&quot;classic_columns_mobile&quot;:&quot;1&quot;,&quot;classic_row_gap&quot;:{&quot;unit&quot;:&quot;px&quot;,&quot;size&quot;:35,&quot;sizes&quot;:[]},&quot;classic_row_gap_tablet&quot;:{&quot;unit&quot;:&quot;px&quot;,&quot;size&quot;:&quot;&quot;,&quot;sizes&quot;:[]},&quot;classic_row_gap_mobile&quot;:{&quot;unit&quot;:&quot;px&quot;,&quot;size&quot;:&quot;&quot;,&quot;sizes&quot;:[]}}\" data-widget_type=\"posts.classic\">\n\t\t\t\t<div class=\"elementor-widget-container\">\n\t\t\t<link rel=\"stylesheet\" href=\"https:\/\/ntbtreal.com\/wp-content\/plugins\/elementor-pro\/assets\/css\/widget-posts.min.css\">\t\t<div class=\"elementor-posts-container elementor-posts elementor-posts--skin-classic elementor-grid\">\n\t\t\t\t<article class=\"elementor-post elementor-grid-item post-48489 post type-post status-publish format-standard has-post-thumbnail hentry category-tin-tuc\">\n\t\t\t\t<a class=\"elementor-post__thumbnail__link\" href=\"https:\/\/ntbtreal.com\/ko\/nnnnhung-toa-nha-choc-troi-o-ba-mien-dat-nuoc\/\" >\n\t\t\t<div class=\"elementor-post__thumbnail\"><img fetchpriority=\"high\" decoding=\"async\" width=\"1802\" height=\"1920\" src=\"https:\/\/ntbtreal.com\/wp-content\/uploads\/2025\/08\/toa-nha-PC-1755693497-8533-1755694676.webp\" class=\"attachment-full size-full wp-image-48472\" alt=\"\" srcset=\"https:\/\/ntbtreal.com\/wp-content\/uploads\/2025\/08\/toa-nha-PC-1755693497-8533-1755694676.webp 1802w, https:\/\/ntbtreal.com\/wp-content\/uploads\/2025\/08\/toa-nha-PC-1755693497-8533-1755694676-282x300.webp 282w, https:\/\/ntbtreal.com\/wp-content\/uploads\/2025\/08\/toa-nha-PC-1755693497-8533-1755694676-961x1024.webp 961w, https:\/\/ntbtreal.com\/wp-content\/uploads\/2025\/08\/toa-nha-PC-1755693497-8533-1755694676-768x818.webp 768w, https:\/\/ntbtreal.com\/wp-content\/uploads\/2025\/08\/toa-nha-PC-1755693497-8533-1755694676-1442x1536.webp 1442w, https:\/\/ntbtreal.com\/wp-content\/uploads\/2025\/08\/toa-nha-PC-1755693497-8533-1755694676-11x12.webp 11w\" sizes=\"(max-width: 1802px) 100vw, 1802px\" \/><\/div>\n\t\t<\/a>\n\t\t\t\t<div class=\"elementor-post__text\">\n\t\t\t\t<h3 class=\"elementor-post__title\">\n\t\t\t<a href=\"https:\/\/ntbtreal.com\/ko\/nnnnhung-toa-nha-choc-troi-o-ba-mien-dat-nuoc\/\" >\n\t\t\t\tNh\u1eefng t\u00f2a nh\u00e0 ch\u1ecdc tr\u1eddi \u1edf ba mi\u1ec1n \u0111\u1ea5t n\u01b0\u1edbc\t\t\t<\/a>\n\t\t<\/h3>\n\t\t\t\t<div class=\"elementor-post__meta-data\">\n\t\t\t\t\t<span class=\"elementor-post-date\">\n\t\t\t22\/08\/2025\t\t<\/span>\n\t\t\t\t<\/div>\n\t\t\t\t<div class=\"elementor-post__excerpt\">\n\t\t\t<p>M\u1ed7i t\u00f2a nh\u00e0 g\u00f3p ph\u1ea7n th\u1ec3 hi\u1ec7n s\u1ef1 ph\u00e1t tri\u1ec3n c\u1ee7a kinh t\u1ebf<\/p>\n\t\t<\/div>\n\t\t\t\t\t<a class=\"elementor-post__read-more\" href=\"https:\/\/ntbtreal.com\/ko\/nnnnhung-toa-nha-choc-troi-o-ba-mien-dat-nuoc\/\" >\n\t\t\t\t\ub354\ubcf4\uae30 &quot;\t\t\t<\/a>\n\t\t\t\t<\/div>\n\t\t\t\t<\/article>\n\t\t\t\t<\/div>\n\n\n\t\t\n\t\t\t\t<\/div>\n\t\t\t\t<\/div>\n\t\t\t\t\t<\/div>\n\t\t<\/div>\n\t\t\t\t\t<\/div>\n\t\t<\/section>\n\t\t\t\t<\/div>","protected":false},"excerpt":{"rendered":"M\u1ed7i t\u00f2a nh\u00e0 g\u00f3p ph\u1ea7n th\u1ec3 hi\u1ec7n s\u1ef1 ph\u00e1t tri\u1ec3n c\u1ee7a kinh t\u1ebf Vi\u1ec7t Nam t\u1eebng th\u1eddi k\u1ef3, trong \u0111\u00f3, Landmark 81 v\u00e0 72 l\u1ecdt top 10 c\u00f4ng tr\u00ecnh cao nh\u1ea5t khu v\u1ef1c. \u0110\u01b0\u1eddng link m\u1edbi","protected":false},"author":1,"featured_media":0,"parent":0,"menu_order":0,"comment_status":"closed","ping_status":"closed","template":"","meta":[],"acf":[],"yoast_head":"<!-- This site is optimized with the Yoast SEO Premium plugin v17.0 (Yoast SEO v17.0) - https:\/\/yoast.com\/wordpress\/plugins\/seo\/ -->\n<title>Tin t\u1ee9c - NTBT REAL<\/title>\n<meta name=\"robots\" content=\"index, follow, max-snippet:-1, max-image-preview:large, max-video-preview:-1\" \/>\n<link rel=\"canonical\" href=\"https:\/\/ntbtreal.com\/ko\/https-vnexpress-net-nhung-toa-nha-choc-troi-o-ba-mien-dat-nuoc-4929435-htmltin-tuc\/\" \/>\n<meta property=\"og:locale\" content=\"ko_KR\" \/>\n<meta property=\"og:type\" content=\"article\" \/>\n<meta property=\"og:title\" content=\"Tin t\u1ee9c\" \/>\n<meta property=\"og:url\" content=\"https:\/\/ntbtreal.com\/ko\/https-vnexpress-net-nhung-toa-nha-choc-troi-o-ba-mien-dat-nuoc-4929435-htmltin-tuc\/\" \/>\n<meta property=\"og:site_name\" content=\"NTBT REAL\" \/>\n<meta property=\"article:publisher\" content=\"https:\/\/www.facebook.com\/NTBTRealEstate\/\" \/>\n<meta property=\"article:modified_time\" content=\"2025-08-21T02:25:03+00:00\" \/>\n<meta name=\"twitter:card\" content=\"summary_large_image\" \/>\n<script type=\"application\/ld+json\" class=\"yoast-schema-graph\">{\"@context\":\"https:\/\/schema.org\",\"@graph\":[{\"@type\":\"Organization\",\"@id\":\"https:\/\/ntbtreal.com\/#organization\",\"name\":\"NTBT REAL ESTATE\",\"url\":\"https:\/\/ntbtreal.com\/\",\"sameAs\":[\"https:\/\/www.facebook.com\/NTBTRealEstate\/\"],\"logo\":{\"@type\":\"ImageObject\",\"@id\":\"https:\/\/ntbtreal.com\/#logo\",\"inLanguage\":\"ko-KR\",\"url\":\"https:\/\/ntbtreal.com\/wp-content\/uploads\/2022\/08\/z3655582374904_3a9fa18004a815dc191e0fd6c766c5e5-1.jpg\",\"contentUrl\":\"https:\/\/ntbtreal.com\/wp-content\/uploads\/2022\/08\/z3655582374904_3a9fa18004a815dc191e0fd6c766c5e5-1.jpg\",\"width\":412,\"height\":220,\"caption\":\"NTBT REAL ESTATE\"},\"image\":{\"@id\":\"https:\/\/ntbtreal.com\/#logo\"}},{\"@type\":\"WebSite\",\"@id\":\"https:\/\/ntbtreal.com\/#website\",\"url\":\"https:\/\/ntbtreal.com\/\",\"name\":\"NTBT REAL\",\"description\":\"\",\"publisher\":{\"@id\":\"https:\/\/ntbtreal.com\/#organization\"},\"potentialAction\":[{\"@type\":\"SearchAction\",\"target\":{\"@type\":\"EntryPoint\",\"urlTemplate\":\"https:\/\/ntbtreal.com\/?s={search_term_string}\"},\"query-input\":\"required name=search_term_string\"}],\"inLanguage\":\"ko-KR\"},{\"@type\":\"WebPage\",\"@id\":\"https:\/\/ntbtreal.com\/https-vnexpress-net-nhung-toa-nha-choc-troi-o-ba-mien-dat-nuoc-4929435-htmltin-tuc\/#webpage\",\"url\":\"https:\/\/ntbtreal.com\/https-vnexpress-net-nhung-toa-nha-choc-troi-o-ba-mien-dat-nuoc-4929435-htmltin-tuc\/\",\"name\":\"Tin t\\u1ee9c - NTBT REAL\",\"isPartOf\":{\"@id\":\"https:\/\/ntbtreal.com\/#website\"},\"datePublished\":\"2022-01-11T07:06:13+00:00\",\"dateModified\":\"2025-08-21T02:25:03+00:00\",\"breadcrumb\":{\"@id\":\"https:\/\/ntbtreal.com\/https-vnexpress-net-nhung-toa-nha-choc-troi-o-ba-mien-dat-nuoc-4929435-htmltin-tuc\/#breadcrumb\"},\"inLanguage\":\"ko-KR\",\"potentialAction\":[{\"@type\":\"ReadAction\",\"target\":[\"https:\/\/ntbtreal.com\/https-vnexpress-net-nhung-toa-nha-choc-troi-o-ba-mien-dat-nuoc-4929435-htmltin-tuc\/\"]}]},{\"@type\":\"BreadcrumbList\",\"@id\":\"https:\/\/ntbtreal.com\/https-vnexpress-net-nhung-toa-nha-choc-troi-o-ba-mien-dat-nuoc-4929435-htmltin-tuc\/#breadcrumb\",\"itemListElement\":[{\"@type\":\"ListItem\",\"position\":1,\"name\":\"Home\",\"item\":\"https:\/\/ntbtreal.com\/\"},{\"@type\":\"ListItem\",\"position\":2,\"name\":\"Tin t\\u1ee9c\"}]}]}<\/script>\n<!-- \/ Yoast SEO Premium plugin. -->","yoast_head_json":{"title":"Tin t\u1ee9c - NTBT REAL","robots":{"index":"index","follow":"follow","max-snippet":"max-snippet:-1","max-image-preview":"max-image-preview:large","max-video-preview":"max-video-preview:-1"},"canonical":"https:\/\/ntbtreal.com\/ko\/https-vnexpress-net-nhung-toa-nha-choc-troi-o-ba-mien-dat-nuoc-4929435-htmltin-tuc\/","og_locale":"ko_KR","og_type":"article","og_title":"Tin t\u1ee9c","og_url":"https:\/\/ntbtreal.com\/ko\/https-vnexpress-net-nhung-toa-nha-choc-troi-o-ba-mien-dat-nuoc-4929435-htmltin-tuc\/","og_site_name":"NTBT REAL","article_publisher":"https:\/\/www.facebook.com\/NTBTRealEstate\/","article_modified_time":"2025-08-21T02:25:03+00:00","twitter_card":"summary_large_image","schema":{"@context":"https:\/\/schema.org","@graph":[{"@type":"Organization","@id":"https:\/\/ntbtreal.com\/#organization","name":"NTBT REAL ESTATE","url":"https:\/\/ntbtreal.com\/","sameAs":["https:\/\/www.facebook.com\/NTBTRealEstate\/"],"logo":{"@type":"ImageObject","@id":"https:\/\/ntbtreal.com\/#logo","inLanguage":"ko-KR","url":"https:\/\/ntbtreal.com\/wp-content\/uploads\/2022\/08\/z3655582374904_3a9fa18004a815dc191e0fd6c766c5e5-1.jpg","contentUrl":"https:\/\/ntbtreal.com\/wp-content\/uploads\/2022\/08\/z3655582374904_3a9fa18004a815dc191e0fd6c766c5e5-1.jpg","width":412,"height":220,"caption":"NTBT REAL ESTATE"},"image":{"@id":"https:\/\/ntbtreal.com\/#logo"}},{"@type":"WebSite","@id":"https:\/\/ntbtreal.com\/#website","url":"https:\/\/ntbtreal.com\/","name":"NTBT REAL","description":"","publisher":{"@id":"https:\/\/ntbtreal.com\/#organization"},"potentialAction":[{"@type":"SearchAction","target":{"@type":"EntryPoint","urlTemplate":"https:\/\/ntbtreal.com\/?s={search_term_string}"},"query-input":"required name=search_term_string"}],"inLanguage":"ko-KR"},{"@type":"WebPage","@id":"https:\/\/ntbtreal.com\/https-vnexpress-net-nhung-toa-nha-choc-troi-o-ba-mien-dat-nuoc-4929435-htmltin-tuc\/#webpage","url":"https:\/\/ntbtreal.com\/https-vnexpress-net-nhung-toa-nha-choc-troi-o-ba-mien-dat-nuoc-4929435-htmltin-tuc\/","name":"Tin t\u1ee9c - NTBT REAL","isPartOf":{"@id":"https:\/\/ntbtreal.com\/#website"},"datePublished":"2022-01-11T07:06:13+00:00","dateModified":"2025-08-21T02:25:03+00:00","breadcrumb":{"@id":"https:\/\/ntbtreal.com\/https-vnexpress-net-nhung-toa-nha-choc-troi-o-ba-mien-dat-nuoc-4929435-htmltin-tuc\/#breadcrumb"},"inLanguage":"ko-KR","potentialAction":[{"@type":"ReadAction","target":["https:\/\/ntbtreal.com\/https-vnexpress-net-nhung-toa-nha-choc-troi-o-ba-mien-dat-nuoc-4929435-htmltin-tuc\/"]}]},{"@type":"BreadcrumbList","@id":"https:\/\/ntbtreal.com\/https-vnexpress-net-nhung-toa-nha-choc-troi-o-ba-mien-dat-nuoc-4929435-htmltin-tuc\/#breadcrumb","itemListElement":[{"@type":"ListItem","position":1,"name":"Home","item":"https:\/\/ntbtreal.com\/"},{"@type":"ListItem","position":2,"name":"Tin t\u1ee9c"}]}]}},"_links":{"self":[{"href":"https:\/\/ntbtreal.com\/ko\/wp-json\/wp\/v2\/pages\/29394"}],"collection":[{"href":"https:\/\/ntbtreal.com\/ko\/wp-json\/wp\/v2\/pages"}],"about":[{"href":"https:\/\/ntbtreal.com\/ko\/wp-json\/wp\/v2\/types\/page"}],"author":[{"embeddable":true,"href":"https:\/\/ntbtreal.com\/ko\/wp-json\/wp\/v2\/users\/1"}],"replies":[{"embeddable":true,"href":"https:\/\/ntbtreal.com\/ko\/wp-json\/wp\/v2\/comments?post=29394"}],"version-history":[{"count":1,"href":"https:\/\/ntbtreal.com\/ko\/wp-json\/wp\/v2\/pages\/29394\/revisions"}],"predecessor-version":[{"id":48326,"href":"https:\/\/ntbtreal.com\/ko\/wp-json\/wp\/v2\/pages\/29394\/revisions\/48326"}],"wp:attachment":[{"href":"https:\/\/ntbtreal.com\/ko\/wp-json\/wp\/v2\/media?parent=29394"}],"curies":[{"name":"wp","href":"https:\/\/api.w.org\/{rel}","templated":true}]}}